{"id":9114,"date":"2021-11-23T13:35:24","date_gmt":"2021-11-23T10:35:24","guid":{"rendered":"https:\/\/spiderbooms.com\/concrete-delivery-equipment\/diversion-valves\/"},"modified":"2023-01-18T09:54:45","modified_gmt":"2023-01-18T06:54:45","slug":"valvulas-desviadoras","status":"publish","type":"page","link":"https:\/\/spiderbooms.com\/es\/equipo-de-entrega-de-concreto\/valvulas-desviadoras\/","title":{"rendered":"V\u00e1lvulas Desviadoras"},"content":{"rendered":"<div class=\"wpb-content-wrapper\"><p>[vc_row css=&#8221;.vc_custom_1637657572550{margin-top: 20px !important;margin-bottom: 20px !important;}&#8221;][vc_column width=&#8221;1\/3&#8243;]<div class=\"kd-photobox  \" ><div class=\"photobox-img\"><img loading=\"lazy\" decoding=\"async\" width=\"512\" height=\"512\" src=\"https:\/\/spiderbooms.com\/wp-content\/uploads\/2023\/01\/ikon_dv_valf.png\" class=\"attachment-full\" alt=\"\" title=\"ikon_dv_valf\" srcset=\"https:\/\/spiderbooms.com\/wp-content\/uploads\/2023\/01\/ikon_dv_valf.png 512w, https:\/\/spiderbooms.com\/wp-content\/uploads\/2023\/01\/ikon_dv_valf-300x300.png 300w, https:\/\/spiderbooms.com\/wp-content\/uploads\/2023\/01\/ikon_dv_valf-150x150.png 150w, https:\/\/spiderbooms.com\/wp-content\/uploads\/2023\/01\/ikon_dv_valf-320x320.png 320w\" sizes=\"auto, (max-width: 512px) 100vw, 512px\" \/><\/div><div class=\"phb-content text-left \" >\n                  <h5 >V\u00e1lvulas de Desv\u00edo<\/h5>\n                  <p >V\u00e1lvulas de Desviaci\u00f3n Hidr\u00e1ulicas<\/p><\/div><\/div>[\/vc_column][vc_column width=&#8221;1\/3&#8243;]<div class=\"kd-photobox  \" ><div class=\"photobox-img\"><img loading=\"lazy\" decoding=\"async\" width=\"512\" height=\"512\" src=\"https:\/\/spiderbooms.com\/wp-content\/uploads\/2023\/01\/ikon_guc.png\" class=\"attachment-full\" alt=\"\" title=\"ikon_guc\" srcset=\"https:\/\/spiderbooms.com\/wp-content\/uploads\/2023\/01\/ikon_guc.png 512w, https:\/\/spiderbooms.com\/wp-content\/uploads\/2023\/01\/ikon_guc-300x300.png 300w, https:\/\/spiderbooms.com\/wp-content\/uploads\/2023\/01\/ikon_guc-150x150.png 150w, https:\/\/spiderbooms.com\/wp-content\/uploads\/2023\/01\/ikon_guc-320x320.png 320w\" sizes=\"auto, (max-width: 512px) 100vw, 512px\" \/><\/div><div class=\"phb-content text-left \" >\n                  <h5 >Paquetes de Energ\u00eda<\/h5>\n                  <p >Paquetes de Energ\u00eda Para V\u00e1lvulas de Desviaci\u00f3n<\/p><\/div><\/div>[\/vc_column][vc_column width=&#8221;1\/3&#8243;][\/vc_column][\/vc_row]<\/p>\n<\/div>","protected":false},"excerpt":{"rendered":"<p>[vc_row css=&#8221;.vc_custom_1637657572550{margin-top: 20px !important;margin-bottom: 20px !important;}&#8221;][vc_column width=&#8221;1\/3&#8243;][\/vc_column][vc_column width=&#8221;1\/3&#8243;][\/vc_column][vc_column width=&#8221;1\/3&#8243;][\/vc_column][\/vc_row]<\/p>\n","protected":false},"author":1,"featured_media":0,"parent":9111,"menu_order":0,"comment_status":"closed","ping_status":"closed","template":"","meta":{"footnotes":""},"class_list":["post-9114","page","type-page","status-publish","hentry"],"yoast_head":"<!-- This site is optimized with the Yoast SEO Premium plugin v18.2.1 (Yoast SEO v27.5) - https:\/\/yoast.com\/product\/yoast-seo-premium-wordpress\/ -->\n<title>V\u00e1lvulas Desviadoras - Spider Booms<\/title>\n<meta name=\"robots\" content=\"index, follow, max-snippet:-1, max-image-preview:large, max-video-preview:-1\" \/>\n<link rel=\"canonical\" href=\"https:\/\/spiderbooms.com\/es\/equipo-de-entrega-de-concreto\/valvulas-desviadoras\/\" \/>\n<meta property=\"og:locale\" content=\"es_ES\" \/>\n<meta property=\"og:type\" content=\"article\" \/>\n<meta property=\"og:title\" content=\"V\u00e1lvulas Desviadoras\" \/>\n<meta property=\"og:description\" content=\"[vc_row css=&#8221;.vc_custom_1637657572550{margin-top: 20px !important;margin-bottom: 20px !important;}&#8221;][vc_column width=&#8221;1\/3&#8243;][\/vc_column][vc_column width=&#8221;1\/3&#8243;][\/vc_column][vc_column width=&#8221;1\/3&#8243;][\/vc_column][\/vc_row]\" \/>\n<meta property=\"og:url\" content=\"https:\/\/spiderbooms.com\/es\/equipo-de-entrega-de-concreto\/valvulas-desviadoras\/\" \/>\n<meta property=\"og:site_name\" content=\"Spider Booms\" \/>\n<meta property=\"article:modified_time\" content=\"2023-01-18T06:54:45+00:00\" \/>\n<meta name=\"twitter:card\" content=\"summary_large_image\" \/>\n<meta name=\"twitter:label1\" content=\"Tiempo de lectura\" \/>\n\t<meta name=\"twitter:data1\" content=\"1 minuto\" \/>\n<script type=\"application\/ld+json\" class=\"yoast-schema-graph\">{\"@context\":\"https:\\\/\\\/schema.org\",\"@graph\":[{\"@type\":\"WebPage\",\"@id\":\"https:\\\/\\\/spiderbooms.com\\\/es\\\/equipo-de-entrega-de-concreto\\\/valvulas-desviadoras\\\/\",\"url\":\"https:\\\/\\\/spiderbooms.com\\\/es\\\/equipo-de-entrega-de-concreto\\\/valvulas-desviadoras\\\/\",\"name\":\"V\u00e1lvulas Desviadoras - Spider Booms\",\"isPartOf\":{\"@id\":\"https:\\\/\\\/spiderbooms.com\\\/#website\"},\"datePublished\":\"2021-11-23T10:35:24+00:00\",\"dateModified\":\"2023-01-18T06:54:45+00:00\",\"breadcrumb\":{\"@id\":\"https:\\\/\\\/spiderbooms.com\\\/es\\\/equipo-de-entrega-de-concreto\\\/valvulas-desviadoras\\\/#breadcrumb\"},\"inLanguage\":\"es\",\"potentialAction\":[{\"@type\":\"ReadAction\",\"target\":[\"https:\\\/\\\/spiderbooms.com\\\/es\\\/equipo-de-entrega-de-concreto\\\/valvulas-desviadoras\\\/\"]}]},{\"@type\":\"BreadcrumbList\",\"@id\":\"https:\\\/\\\/spiderbooms.com\\\/es\\\/equipo-de-entrega-de-concreto\\\/valvulas-desviadoras\\\/#breadcrumb\",\"itemListElement\":[{\"@type\":\"ListItem\",\"position\":1,\"name\":\"Home\",\"item\":\"https:\\\/\\\/spiderbooms.com\\\/es\\\/\"},{\"@type\":\"ListItem\",\"position\":2,\"name\":\"Equipo De Entrega De Concreto\",\"item\":\"https:\\\/\\\/spiderbooms.com\\\/es\\\/equipo-de-entrega-de-concreto\\\/\"},{\"@type\":\"ListItem\",\"position\":3,\"name\":\"V\u00e1lvulas Desviadoras\"}]},{\"@type\":\"WebSite\",\"@id\":\"https:\\\/\\\/spiderbooms.com\\\/#website\",\"url\":\"https:\\\/\\\/spiderbooms.com\\\/\",\"name\":\"Spider Booms\",\"description\":\"The world&#039;s leading concrete distributor brand\",\"potentialAction\":[{\"@type\":\"SearchAction\",\"target\":{\"@type\":\"EntryPoint\",\"urlTemplate\":\"https:\\\/\\\/spiderbooms.com\\\/?s={search_term_string}\"},\"query-input\":{\"@type\":\"PropertyValueSpecification\",\"valueRequired\":true,\"valueName\":\"search_term_string\"}}],\"inLanguage\":\"es\"}]}<\/script>\n<!-- \/ Yoast SEO Premium plugin. -->","yoast_head_json":{"title":"V\u00e1lvulas Desviadoras - Spider Booms","robots":{"index":"index","follow":"follow","max-snippet":"max-snippet:-1","max-image-preview":"max-image-preview:large","max-video-preview":"max-video-preview:-1"},"canonical":"https:\/\/spiderbooms.com\/es\/equipo-de-entrega-de-concreto\/valvulas-desviadoras\/","og_locale":"es_ES","og_type":"article","og_title":"V\u00e1lvulas Desviadoras","og_description":"[vc_row css=&#8221;.vc_custom_1637657572550{margin-top: 20px !important;margin-bottom: 20px !important;}&#8221;][vc_column width=&#8221;1\/3&#8243;][\/vc_column][vc_column width=&#8221;1\/3&#8243;][\/vc_column][vc_column width=&#8221;1\/3&#8243;][\/vc_column][\/vc_row]","og_url":"https:\/\/spiderbooms.com\/es\/equipo-de-entrega-de-concreto\/valvulas-desviadoras\/","og_site_name":"Spider Booms","article_modified_time":"2023-01-18T06:54:45+00:00","twitter_card":"summary_large_image","twitter_misc":{"Tiempo de lectura":"1 minuto"},"schema":{"@context":"https:\/\/schema.org","@graph":[{"@type":"WebPage","@id":"https:\/\/spiderbooms.com\/es\/equipo-de-entrega-de-concreto\/valvulas-desviadoras\/","url":"https:\/\/spiderbooms.com\/es\/equipo-de-entrega-de-concreto\/valvulas-desviadoras\/","name":"V\u00e1lvulas Desviadoras - Spider Booms","isPartOf":{"@id":"https:\/\/spiderbooms.com\/#website"},"datePublished":"2021-11-23T10:35:24+00:00","dateModified":"2023-01-18T06:54:45+00:00","breadcrumb":{"@id":"https:\/\/spiderbooms.com\/es\/equipo-de-entrega-de-concreto\/valvulas-desviadoras\/#breadcrumb"},"inLanguage":"es","potentialAction":[{"@type":"ReadAction","target":["https:\/\/spiderbooms.com\/es\/equipo-de-entrega-de-concreto\/valvulas-desviadoras\/"]}]},{"@type":"BreadcrumbList","@id":"https:\/\/spiderbooms.com\/es\/equipo-de-entrega-de-concreto\/valvulas-desviadoras\/#breadcrumb","itemListElement":[{"@type":"ListItem","position":1,"name":"Home","item":"https:\/\/spiderbooms.com\/es\/"},{"@type":"ListItem","position":2,"name":"Equipo De Entrega De Concreto","item":"https:\/\/spiderbooms.com\/es\/equipo-de-entrega-de-concreto\/"},{"@type":"ListItem","position":3,"name":"V\u00e1lvulas Desviadoras"}]},{"@type":"WebSite","@id":"https:\/\/spiderbooms.com\/#website","url":"https:\/\/spiderbooms.com\/","name":"Spider Booms","description":"The world&#039;s leading concrete distributor brand","potentialAction":[{"@type":"SearchAction","target":{"@type":"EntryPoint","urlTemplate":"https:\/\/spiderbooms.com\/?s={search_term_string}"},"query-input":{"@type":"PropertyValueSpecification","valueRequired":true,"valueName":"search_term_string"}}],"inLanguage":"es"}]}},"_links":{"self":[{"href":"https:\/\/spiderbooms.com\/es\/wp-json\/wp\/v2\/pages\/9114","targetHints":{"allow":["GET"]}}],"collection":[{"href":"https:\/\/spiderbooms.com\/es\/wp-json\/wp\/v2\/pages"}],"about":[{"href":"https:\/\/spiderbooms.com\/es\/wp-json\/wp\/v2\/types\/page"}],"author":[{"embeddable":true,"href":"https:\/\/spiderbooms.com\/es\/wp-json\/wp\/v2\/users\/1"}],"replies":[{"embeddable":true,"href":"https:\/\/spiderbooms.com\/es\/wp-json\/wp\/v2\/comments?post=9114"}],"version-history":[{"count":4,"href":"https:\/\/spiderbooms.com\/es\/wp-json\/wp\/v2\/pages\/9114\/revisions"}],"predecessor-version":[{"id":9115,"href":"https:\/\/spiderbooms.com\/es\/wp-json\/wp\/v2\/pages\/9114\/revisions\/9115"}],"up":[{"embeddable":true,"href":"https:\/\/spiderbooms.com\/es\/wp-json\/wp\/v2\/pages\/9111"}],"wp:attachment":[{"href":"https:\/\/spiderbooms.com\/es\/wp-json\/wp\/v2\/media?parent=9114"}],"curies":[{"name":"wp","href":"https:\/\/api.w.org\/{rel}","templated":true}]}}