{"id":9253,"date":"2021-11-22T16:58:41","date_gmt":"2021-11-22T13:58:41","guid":{"rendered":"https:\/\/spiderbooms.com\/scorpion-concrete-pump\/"},"modified":"2023-01-17T17:24:51","modified_gmt":"2023-01-17T14:24:51","slug":"bomba-de-hormigon-scorpion","status":"publish","type":"page","link":"https:\/\/spiderbooms.com\/es\/bombas-de-hormigon\/bomba-de-hormigon-scorpion\/","title":{"rendered":"Bomba de Hormig\u00f3n Scorpi\u00f3n"},"content":{"rendered":"<div class=\"wpb-content-wrapper\"><p>[vc_row css=&#8221;.vc_custom_1637578846052{margin-bottom: 80px !important;}&#8221;][vc_column width=&#8221;1\/2&#8243;]<div class=\"video-container play-button-center\" ><img loading=\"lazy\" decoding=\"async\" width=\"1024\" height=\"1024\" src=\"https:\/\/spiderbooms.com\/wp-content\/uploads\/2022\/02\/scp-series-09.jpg\" class=\"attachment-full\" alt=\"\" title=\"scp-series-09\" srcset=\"https:\/\/spiderbooms.com\/wp-content\/uploads\/2022\/02\/scp-series-09.jpg 1024w, https:\/\/spiderbooms.com\/wp-content\/uploads\/2022\/02\/scp-series-09-300x300.jpg 300w, https:\/\/spiderbooms.com\/wp-content\/uploads\/2022\/02\/scp-series-09-150x150.jpg 150w, https:\/\/spiderbooms.com\/wp-content\/uploads\/2022\/02\/scp-series-09-768x768.jpg 768w, https:\/\/spiderbooms.com\/wp-content\/uploads\/2022\/02\/scp-series-09-320x320.jpg 320w, https:\/\/spiderbooms.com\/wp-content\/uploads\/2022\/02\/scp-series-09-800x800.jpg 800w\" sizes=\"auto, (max-width: 1024px) 100vw, 1024px\" \/><a data-toggle=\"modal\" data-target=\"#video-modal-kd-video-modal-69f372d4bfc25\" data-src=\"\" data-backdrop=\"true\" class=\"\"><span class=\"play-video\"><span class=\"fas fa-play\"><\/span><\/span><\/a><\/div><div class=\"modal fade video-modal\" id=\"video-modal-kd-video-modal-69f372d4bfc25\" role=\"dialog\">\n                            <div class=\"modal-content\">\n                            <button type=\"button\" class=\"close\" data-dismiss=\"modal\">\u00d7<\/button>\n                            <div class=\"row\"><video class=\"video-modal-local\" title=\"\" poster=\"\" height=\"400px\" controls>\n                              <source src=\"https:\/\/spiderbooms.com\/video\/scp-erzurum-tanitim_en.mp4\" type=\"video\/mp4\"><img decoding=\"async\" alt=\"\" src=\"\" title=\"Video playback is not supported by your browser\" \/>\n                              <\/video><\/div>\n                            <\/div>\n                        <\/div>[\/vc_column][vc_column width=&#8221;1\/2&#8243;][vc_custom_heading text=&#8221;Caracter\u00edsticas Generales de la Serie SCP&#8221;][vc_column_text css=&#8221;.vc_custom_1650369985538{margin-bottom: 20px !important;}&#8221;]<\/p>\n<ul>\n<li>\u00da<span class=\"tlid-translation translation\" lang=\"es\"><span class=\"\" title=\"\">nico en el Mundo<\/span><\/span>! Sistema de Control Remoto Inal\u00e1mbrico<\/li>\n<li><span class=\"tlid-translation translation\" lang=\"es\"><span class=\"\" title=\"\">Pluma Integrada de Tres Brazos<\/span><\/span><\/li>\n<li><span class=\"tlid-translation translation\" lang=\"es\"><span class=\"\" title=\"\">Sistema de Propulsi\u00f3n 4X4<\/span><\/span><\/li>\n<li><span class=\"tlid-translation translation\" lang=\"es\"><span class=\"\" title=\"\">Opciones de Motor Diesel de Cuatro Cilindros<\/span><\/span><\/li>\n<li><span class=\"tlid-translation translation\" lang=\"es\"><span class=\"alt-edited\" title=\"\">Sistema de Engrase Centralizado Autom\u00e1tico<\/span><\/span><\/li>\n<li><span class=\"tlid-translation translation\" lang=\"es\"><span class=\"alt-edited\" title=\"\">M\u00e1s Cercano y el Posicionamiento Perfecto al \u00e1rea de Aplicaci\u00f3n<\/span><\/span><\/li>\n<li><span class=\"tlid-translation translation\" lang=\"es\"><span class=\"\" title=\"\">Transportado a Todo el Mundo con un Ajuste Perfecto en un Contenedor<\/span><\/span><\/li>\n<\/ul>\n<p>[\/vc_column_text]<a  href=\"https:\/\/spiderbooms.com\/pdf\/221015_scp_series_en.pdf\"  target=\"_blank\"  title=\"\" class=\"tt_button tt_primary_button btn_primary_color hover_solid_secondary pull-left button-action-link\" ><span class=\"prim_text\">Cat\u00e1logo de la Serie SCP<\/span><\/a>[\/vc_column][\/vc_row][vc_row][vc_column width=&#8221;1\/3&#8243;][vc_single_image image=&#8221;9878&#8243; alignment=&#8221;center&#8221;][vc_custom_heading text=&#8221;SCP 3.24 (+3)&#8221; font_container=&#8221;tag:h3|text_align:center&#8221;][vc_column_text css=&#8221;.vc_custom_1666087934030{margin-bottom: 20px !important;}&#8221;]<\/p>\n<p style=\"text-align: center;\"><strong>Especificaciones Principales<\/strong><br \/>\n<strong><span class=\"tlid-translation translation\" lang=\"es\"><span class=\"\" title=\"\">Potencia del Motor<\/span><\/span>:<\/strong>\u00a050 &#8211; 165 kW \/ 67 &#8211; 220 Hp<br \/>\n<strong><span class=\"tlid-translation translation\" lang=\"es\"><span class=\"alt-edited\" title=\"\">Flujo Bombeo de Hormig\u00f3n<\/span><\/span>:<\/strong> 38 &#8211; 82 m\u00b3\/h<br \/>\n<strong><span class=\"tlid-translation translation\" lang=\"es\"><span class=\"\" title=\"\">Opciones de Motor<\/span><\/span><\/strong><br \/>\n<span class=\"tlid-translation translation\" lang=\"es\"><span class=\"\" title=\"\">Motor Diesel Kubota<\/span><\/span>, Perkins, Cummins, Yavuz<\/p>\n<p>[\/vc_column_text][\/vc_column][vc_column width=&#8221;1\/3&#8243;][vc_single_image image=&#8221;9874&#8243; alignment=&#8221;center&#8221;][vc_custom_heading text=&#8221;SCP 3.21 (+3)&#8221; font_container=&#8221;tag:h3|text_align:center&#8221;][vc_column_text css=&#8221;.vc_custom_1666087943533{margin-bottom: 20px !important;}&#8221;]<\/p>\n<p style=\"text-align: center;\"><strong>Especificaciones Principales<\/strong><br \/>\n<strong><span class=\"tlid-translation translation\" lang=\"es\"><span class=\"\" title=\"\">Potencia del Motor<\/span><\/span>:<\/strong> 50 &#8211; 120 kW<br \/>\n<strong><span class=\"tlid-translation translation\" lang=\"es\"><span class=\"alt-edited\" title=\"\">Flujo Bombeo de Hormig\u00f3n<\/span><\/span>:<\/strong> 25 &#8211; 60 m\u00b3\/h<br \/>\n<strong><span class=\"tlid-translation translation\" lang=\"es\"><span class=\"\" title=\"\">Opciones de Motor<\/span><\/span><\/strong><br \/>\n<span class=\"tlid-translation translation\" lang=\"es\"><span class=\"\" title=\"\">Motor Diesel Kubota<\/span><\/span>, Perkins, Cummins, Yavuz<\/p>\n<p>[\/vc_column_text][\/vc_column][vc_column width=&#8221;1\/3&#8243;][vc_single_image image=&#8221;9882&#8243; alignment=&#8221;center&#8221;][vc_custom_heading text=&#8221;FT 208 Folding-Frame Carrier Trailer&#8221; font_container=&#8221;tag:h3|text_align:center&#8221;][vc_column_text css=&#8221;.vc_custom_1650375575993{margin-bottom: 20px !important;}&#8221;]<\/p>\n<p style=\"text-align: center;\"><strong>Especificaciones Principales<\/strong><br \/>\nEl remolque FT 208 se puede plegar para env\u00edos en contenedores al extranjero. Para los env\u00edos en el extranjero, la bomba de Escorpi\u00f3n y su remolque portador pueden ser enviados con el contenedor HC de la misma 40&#8242;.<\/p>\n<p>[\/vc_column_text][\/vc_column][\/vc_row][vc_row full_width=&#8221;stretch_row&#8221; gap=&#8221;5&#8243;][vc_column][vc_empty_space][vc_custom_heading text=&#8221;Galer\u00eda de Fotos&#8221; font_container=&#8221;tag:h2|text_align:center&#8221; css=&#8221;.vc_custom_1650279938623{margin-top: 20px !important;}&#8221;][vc_media_grid element_width=&#8221;2&#8243; item=&#8221;masonryMedia_Default&#8221; grid_id=&#8221;vc_gid:1673965388329-f29293b9-d5d7-3&#8243; include=&#8221;7724,7726,7727,7728,7729,7731,7732,7733,7734,7735,7736,7737,7738,7740,7742,7743,7744,7745&#8243;][\/vc_column][\/vc_row]<\/p>\n<\/div>","protected":false},"excerpt":{"rendered":"<p>[vc_row css=&#8221;.vc_custom_1637578846052{margin-bottom: 80px !important;}&#8221;][vc_column width=&#8221;1\/2&#8243;][\/vc_column][vc_column width=&#8221;1\/2&#8243;][vc_custom_heading text=&#8221;Caracter\u00edsticas Generales de la Serie SCP&#8221;][vc_column_text css=&#8221;.vc_custom_1650369985538{margin-bottom: 20px !important;}&#8221;] \u00danico en el Mundo! Sistema [&hellip;]<\/p>\n","protected":false},"author":1,"featured_media":0,"parent":9333,"menu_order":0,"comment_status":"closed","ping_status":"closed","template":"","meta":{"footnotes":""},"class_list":["post-9253","page","type-page","status-publish","hentry"],"yoast_head":"<!-- This site is optimized with the Yoast SEO Premium plugin v18.2.1 (Yoast SEO v27.5) - https:\/\/yoast.com\/product\/yoast-seo-premium-wordpress\/ -->\n<title>Bomba de Hormig\u00f3n Scorpi\u00f3n - Spider Booms<\/title>\n<meta name=\"robots\" content=\"index, follow, max-snippet:-1, max-image-preview:large, max-video-preview:-1\" \/>\n<link rel=\"canonical\" href=\"https:\/\/spiderbooms.com\/es\/bombas-de-hormigon\/bomba-de-hormigon-scorpion\/\" \/>\n<meta property=\"og:locale\" content=\"es_ES\" \/>\n<meta property=\"og:type\" content=\"article\" \/>\n<meta property=\"og:title\" content=\"Bomba de Hormig\u00f3n Scorpi\u00f3n\" \/>\n<meta property=\"og:description\" content=\"[vc_row css=&#8221;.vc_custom_1637578846052{margin-bottom: 80px !important;}&#8221;][vc_column width=&#8221;1\/2&#8243;][\/vc_column][vc_column width=&#8221;1\/2&#8243;][vc_custom_heading text=&#8221;Caracter\u00edsticas Generales de la Serie SCP&#8221;][vc_column_text css=&#8221;.vc_custom_1650369985538{margin-bottom: 20px !important;}&#8221;] \u00danico en el Mundo! Sistema [&hellip;]\" \/>\n<meta property=\"og:url\" content=\"https:\/\/spiderbooms.com\/es\/bombas-de-hormigon\/bomba-de-hormigon-scorpion\/\" \/>\n<meta property=\"og:site_name\" content=\"Spider Booms\" \/>\n<meta property=\"article:modified_time\" content=\"2023-01-17T14:24:51+00:00\" \/>\n<meta name=\"twitter:card\" content=\"summary_large_image\" \/>\n<meta name=\"twitter:label1\" content=\"Tiempo de lectura\" \/>\n\t<meta name=\"twitter:data1\" content=\"2 minutos\" \/>\n<script type=\"application\/ld+json\" class=\"yoast-schema-graph\">{\"@context\":\"https:\\\/\\\/schema.org\",\"@graph\":[{\"@type\":\"WebPage\",\"@id\":\"https:\\\/\\\/spiderbooms.com\\\/es\\\/bombas-de-hormigon\\\/bomba-de-hormigon-scorpion\\\/\",\"url\":\"https:\\\/\\\/spiderbooms.com\\\/es\\\/bombas-de-hormigon\\\/bomba-de-hormigon-scorpion\\\/\",\"name\":\"Bomba de Hormig\u00f3n Scorpi\u00f3n - Spider Booms\",\"isPartOf\":{\"@id\":\"https:\\\/\\\/spiderbooms.com\\\/#website\"},\"datePublished\":\"2021-11-22T13:58:41+00:00\",\"dateModified\":\"2023-01-17T14:24:51+00:00\",\"breadcrumb\":{\"@id\":\"https:\\\/\\\/spiderbooms.com\\\/es\\\/bombas-de-hormigon\\\/bomba-de-hormigon-scorpion\\\/#breadcrumb\"},\"inLanguage\":\"es\",\"potentialAction\":[{\"@type\":\"ReadAction\",\"target\":[\"https:\\\/\\\/spiderbooms.com\\\/es\\\/bombas-de-hormigon\\\/bomba-de-hormigon-scorpion\\\/\"]}]},{\"@type\":\"BreadcrumbList\",\"@id\":\"https:\\\/\\\/spiderbooms.com\\\/es\\\/bombas-de-hormigon\\\/bomba-de-hormigon-scorpion\\\/#breadcrumb\",\"itemListElement\":[{\"@type\":\"ListItem\",\"position\":1,\"name\":\"Home\",\"item\":\"https:\\\/\\\/spiderbooms.com\\\/es\\\/\"},{\"@type\":\"ListItem\",\"position\":2,\"name\":\"Bombas de Hormig\u00f3n\",\"item\":\"https:\\\/\\\/spiderbooms.com\\\/es\\\/bombas-de-hormigon\\\/\"},{\"@type\":\"ListItem\",\"position\":3,\"name\":\"Bomba de Hormig\u00f3n Scorpi\u00f3n\"}]},{\"@type\":\"WebSite\",\"@id\":\"https:\\\/\\\/spiderbooms.com\\\/#website\",\"url\":\"https:\\\/\\\/spiderbooms.com\\\/\",\"name\":\"Spider Booms\",\"description\":\"The world&#039;s leading concrete distributor brand\",\"potentialAction\":[{\"@type\":\"SearchAction\",\"target\":{\"@type\":\"EntryPoint\",\"urlTemplate\":\"https:\\\/\\\/spiderbooms.com\\\/?s={search_term_string}\"},\"query-input\":{\"@type\":\"PropertyValueSpecification\",\"valueRequired\":true,\"valueName\":\"search_term_string\"}}],\"inLanguage\":\"es\"}]}<\/script>\n<!-- \/ Yoast SEO Premium plugin. -->","yoast_head_json":{"title":"Bomba de Hormig\u00f3n Scorpi\u00f3n - Spider Booms","robots":{"index":"index","follow":"follow","max-snippet":"max-snippet:-1","max-image-preview":"max-image-preview:large","max-video-preview":"max-video-preview:-1"},"canonical":"https:\/\/spiderbooms.com\/es\/bombas-de-hormigon\/bomba-de-hormigon-scorpion\/","og_locale":"es_ES","og_type":"article","og_title":"Bomba de Hormig\u00f3n Scorpi\u00f3n","og_description":"[vc_row css=&#8221;.vc_custom_1637578846052{margin-bottom: 80px !important;}&#8221;][vc_column width=&#8221;1\/2&#8243;][\/vc_column][vc_column width=&#8221;1\/2&#8243;][vc_custom_heading text=&#8221;Caracter\u00edsticas Generales de la Serie SCP&#8221;][vc_column_text css=&#8221;.vc_custom_1650369985538{margin-bottom: 20px !important;}&#8221;] \u00danico en el Mundo! Sistema [&hellip;]","og_url":"https:\/\/spiderbooms.com\/es\/bombas-de-hormigon\/bomba-de-hormigon-scorpion\/","og_site_name":"Spider Booms","article_modified_time":"2023-01-17T14:24:51+00:00","twitter_card":"summary_large_image","twitter_misc":{"Tiempo de lectura":"2 minutos"},"schema":{"@context":"https:\/\/schema.org","@graph":[{"@type":"WebPage","@id":"https:\/\/spiderbooms.com\/es\/bombas-de-hormigon\/bomba-de-hormigon-scorpion\/","url":"https:\/\/spiderbooms.com\/es\/bombas-de-hormigon\/bomba-de-hormigon-scorpion\/","name":"Bomba de Hormig\u00f3n Scorpi\u00f3n - Spider Booms","isPartOf":{"@id":"https:\/\/spiderbooms.com\/#website"},"datePublished":"2021-11-22T13:58:41+00:00","dateModified":"2023-01-17T14:24:51+00:00","breadcrumb":{"@id":"https:\/\/spiderbooms.com\/es\/bombas-de-hormigon\/bomba-de-hormigon-scorpion\/#breadcrumb"},"inLanguage":"es","potentialAction":[{"@type":"ReadAction","target":["https:\/\/spiderbooms.com\/es\/bombas-de-hormigon\/bomba-de-hormigon-scorpion\/"]}]},{"@type":"BreadcrumbList","@id":"https:\/\/spiderbooms.com\/es\/bombas-de-hormigon\/bomba-de-hormigon-scorpion\/#breadcrumb","itemListElement":[{"@type":"ListItem","position":1,"name":"Home","item":"https:\/\/spiderbooms.com\/es\/"},{"@type":"ListItem","position":2,"name":"Bombas de Hormig\u00f3n","item":"https:\/\/spiderbooms.com\/es\/bombas-de-hormigon\/"},{"@type":"ListItem","position":3,"name":"Bomba de Hormig\u00f3n Scorpi\u00f3n"}]},{"@type":"WebSite","@id":"https:\/\/spiderbooms.com\/#website","url":"https:\/\/spiderbooms.com\/","name":"Spider Booms","description":"The world&#039;s leading concrete distributor brand","potentialAction":[{"@type":"SearchAction","target":{"@type":"EntryPoint","urlTemplate":"https:\/\/spiderbooms.com\/?s={search_term_string}"},"query-input":{"@type":"PropertyValueSpecification","valueRequired":true,"valueName":"search_term_string"}}],"inLanguage":"es"}]}},"_links":{"self":[{"href":"https:\/\/spiderbooms.com\/es\/wp-json\/wp\/v2\/pages\/9253","targetHints":{"allow":["GET"]}}],"collection":[{"href":"https:\/\/spiderbooms.com\/es\/wp-json\/wp\/v2\/pages"}],"about":[{"href":"https:\/\/spiderbooms.com\/es\/wp-json\/wp\/v2\/types\/page"}],"author":[{"embeddable":true,"href":"https:\/\/spiderbooms.com\/es\/wp-json\/wp\/v2\/users\/1"}],"replies":[{"embeddable":true,"href":"https:\/\/spiderbooms.com\/es\/wp-json\/wp\/v2\/comments?post=9253"}],"version-history":[{"count":17,"href":"https:\/\/spiderbooms.com\/es\/wp-json\/wp\/v2\/pages\/9253\/revisions"}],"predecessor-version":[{"id":9893,"href":"https:\/\/spiderbooms.com\/es\/wp-json\/wp\/v2\/pages\/9253\/revisions\/9893"}],"up":[{"embeddable":true,"href":"https:\/\/spiderbooms.com\/es\/wp-json\/wp\/v2\/pages\/9333"}],"wp:attachment":[{"href":"https:\/\/spiderbooms.com\/es\/wp-json\/wp\/v2\/media?parent=9253"}],"curies":[{"name":"wp","href":"https:\/\/api.w.org\/{rel}","templated":true}]}}