{"id":9260,"date":"2021-11-22T17:12:37","date_gmt":"2021-11-22T14:12:37","guid":{"rendered":"https:\/\/spiderbooms.com\/stationary-concrete-pump\/"},"modified":"2023-01-17T17:25:59","modified_gmt":"2023-01-17T14:25:59","slug":"bombas-de-hormigon-estacionarias","status":"publish","type":"page","link":"https:\/\/spiderbooms.com\/es\/bombas-de-hormigon\/bombas-de-hormigon-estacionarias\/","title":{"rendered":"Bombas de Hormig\u00f3n Estacionarias"},"content":{"rendered":"<div class=\"wpb-content-wrapper\"><p>[vc_row css=&#8221;.vc_custom_1637578846052{margin-bottom: 80px !important;}&#8221;][vc_column width=&#8221;1\/2&#8243;][vc_single_image image=&#8221;7751&#8243; img_size=&#8221;500&#215;500&#8243; alignment=&#8221;center&#8221;][\/vc_column][vc_column width=&#8221;1\/2&#8243;][vc_custom_heading text=&#8221;Caracter\u00edsticas Generales de la Serie CP&#8221;][vc_column_text css=&#8221;.vc_custom_1650440521576{margin-bottom: 20px !important;}&#8221;]<\/p>\n<ul>\n<li><span class=\"tlid-translation translation\" lang=\"es\"><span class=\"alt-edited\" title=\"\">Sistema de Engrase Centralizado Autom\u00e1tico<\/span><\/span><\/li>\n<li><span class=\"tlid-translation translation\" lang=\"es\"><span class=\"alt-edited\" title=\"\">Fuertes Cilindros de Concreto Chrome<\/span><\/span><\/li>\n<li><span class=\"tlid-translation translation\" lang=\"es\"><span class=\"alt-edited\" title=\"\">Sistema de Refrigeraci\u00f3n de Aceite Con Alta Capacidad<\/span><\/span><\/li>\n<li><span class=\"tlid-translation translation\" lang=\"es\"><span class=\"\" title=\"\">Sistema de Regulaci\u00f3n Autom\u00e1tica de Potencia Con Presi\u00f3n Hidr\u00e1ulica Ajustable<\/span><\/span><\/li>\n<\/ul>\n<p>[\/vc_column_text]<a  href=\"https:\/\/spiderbooms.com\/pdf\/221015_cp_series_en.pdf\"  target=\"_blank\"  title=\"\" class=\"tt_button tt_primary_button btn_primary_color hover_solid_secondary pull-left button-action-link\" ><span class=\"prim_text\">Cat\u00e1logo de la Serie CP<\/span><\/a>[\/vc_column][\/vc_row][vc_row][vc_column width=&#8221;1\/3&#8243;][\/vc_column][vc_column width=&#8221;1\/3&#8243;][vc_single_image image=&#8221;9888&#8243; alignment=&#8221;center&#8221;][vc_custom_heading text=&#8221;CP 25 &#8211; 40 &#8211; 50 &#8211; 60 &#8211; 80 &#8211; 100&#8243; font_container=&#8221;tag:h3|text_align:center&#8221;][vc_column_text css=&#8221;.vc_custom_1666088037033{margin-bottom: 20px !important;}&#8221;]<\/p>\n<p style=\"text-align: center;\"><strong>Especificaciones Principales<\/strong><br \/>\n<strong><span class=\"tlid-translation translation\" lang=\"es\"><span class=\"\" title=\"\">Potencia del Motor<\/span><\/span>:<\/strong> 50 &#8211; 230 kW<br \/>\n<strong><span class=\"tlid-translation translation\" lang=\"es\"><span class=\"alt-edited\" title=\"\">Flujo Bombeo de Hormig\u00f3n<\/span><\/span>:<\/strong> 18 &#8211; 80.2 m\u00b3\/h<\/p>\n<p>[\/vc_column_text][\/vc_column][vc_column width=&#8221;1\/3&#8243;][\/vc_column][\/vc_row][vc_row full_width=&#8221;stretch_row&#8221; gap=&#8221;5&#8243;][vc_column][vc_empty_space][vc_custom_heading text=&#8221;Galer\u00eda de Fotos&#8221; font_container=&#8221;tag:h2|text_align:center&#8221; css=&#8221;.vc_custom_1650279965302{margin-top: 20px !important;}&#8221;][vc_media_grid element_width=&#8221;2&#8243; item=&#8221;masonryMedia_Default&#8221; grid_id=&#8221;vc_gid:1673965508754-8a1ac92f-add1-6&#8243; include=&#8221;7751,7752,7754,7755,7756,7757,7758,7759,7760,7761,7762,7764&#8243;][\/vc_column][\/vc_row]<\/p>\n<\/div>","protected":false},"excerpt":{"rendered":"<p>[vc_row css=&#8221;.vc_custom_1637578846052{margin-bottom: 80px !important;}&#8221;][vc_column width=&#8221;1\/2&#8243;][vc_single_image image=&#8221;7751&#8243; img_size=&#8221;500&#215;500&#8243; alignment=&#8221;center&#8221;][\/vc_column][vc_column width=&#8221;1\/2&#8243;][vc_custom_heading text=&#8221;Caracter\u00edsticas Generales de la Serie CP&#8221;][vc_column_text css=&#8221;.vc_custom_1650440521576{margin-bottom: 20px !important;}&#8221;] Sistema de [&hellip;]<\/p>\n","protected":false},"author":1,"featured_media":0,"parent":9333,"menu_order":0,"comment_status":"closed","ping_status":"closed","template":"","meta":{"footnotes":""},"class_list":["post-9260","page","type-page","status-publish","hentry"],"yoast_head":"<!-- This site is optimized with the Yoast SEO Premium plugin v18.2.1 (Yoast SEO v27.5) - https:\/\/yoast.com\/product\/yoast-seo-premium-wordpress\/ -->\n<title>Bombas de Hormig\u00f3n Estacionarias - Spider Booms<\/title>\n<meta name=\"robots\" content=\"index, follow, max-snippet:-1, max-image-preview:large, max-video-preview:-1\" \/>\n<link rel=\"canonical\" href=\"https:\/\/spiderbooms.com\/es\/bombas-de-hormigon\/bombas-de-hormigon-estacionarias\/\" \/>\n<meta property=\"og:locale\" content=\"es_ES\" \/>\n<meta property=\"og:type\" content=\"article\" \/>\n<meta property=\"og:title\" content=\"Bombas de Hormig\u00f3n Estacionarias\" \/>\n<meta property=\"og:description\" content=\"[vc_row css=&#8221;.vc_custom_1637578846052{margin-bottom: 80px !important;}&#8221;][vc_column width=&#8221;1\/2&#8243;][vc_single_image image=&#8221;7751&#8243; img_size=&#8221;500&#215;500&#8243; alignment=&#8221;center&#8221;][\/vc_column][vc_column width=&#8221;1\/2&#8243;][vc_custom_heading text=&#8221;Caracter\u00edsticas Generales de la Serie CP&#8221;][vc_column_text css=&#8221;.vc_custom_1650440521576{margin-bottom: 20px !important;}&#8221;] Sistema de [&hellip;]\" \/>\n<meta property=\"og:url\" content=\"https:\/\/spiderbooms.com\/es\/bombas-de-hormigon\/bombas-de-hormigon-estacionarias\/\" \/>\n<meta property=\"og:site_name\" content=\"Spider Booms\" \/>\n<meta property=\"article:modified_time\" content=\"2023-01-17T14:25:59+00:00\" \/>\n<meta name=\"twitter:card\" content=\"summary_large_image\" \/>\n<meta name=\"twitter:label1\" content=\"Tiempo de lectura\" \/>\n\t<meta name=\"twitter:data1\" content=\"1 minuto\" \/>\n<script type=\"application\/ld+json\" class=\"yoast-schema-graph\">{\"@context\":\"https:\\\/\\\/schema.org\",\"@graph\":[{\"@type\":\"WebPage\",\"@id\":\"https:\\\/\\\/spiderbooms.com\\\/es\\\/bombas-de-hormigon\\\/bombas-de-hormigon-estacionarias\\\/\",\"url\":\"https:\\\/\\\/spiderbooms.com\\\/es\\\/bombas-de-hormigon\\\/bombas-de-hormigon-estacionarias\\\/\",\"name\":\"Bombas de Hormig\u00f3n Estacionarias - Spider Booms\",\"isPartOf\":{\"@id\":\"https:\\\/\\\/spiderbooms.com\\\/#website\"},\"datePublished\":\"2021-11-22T14:12:37+00:00\",\"dateModified\":\"2023-01-17T14:25:59+00:00\",\"breadcrumb\":{\"@id\":\"https:\\\/\\\/spiderbooms.com\\\/es\\\/bombas-de-hormigon\\\/bombas-de-hormigon-estacionarias\\\/#breadcrumb\"},\"inLanguage\":\"es\",\"potentialAction\":[{\"@type\":\"ReadAction\",\"target\":[\"https:\\\/\\\/spiderbooms.com\\\/es\\\/bombas-de-hormigon\\\/bombas-de-hormigon-estacionarias\\\/\"]}]},{\"@type\":\"BreadcrumbList\",\"@id\":\"https:\\\/\\\/spiderbooms.com\\\/es\\\/bombas-de-hormigon\\\/bombas-de-hormigon-estacionarias\\\/#breadcrumb\",\"itemListElement\":[{\"@type\":\"ListItem\",\"position\":1,\"name\":\"Home\",\"item\":\"https:\\\/\\\/spiderbooms.com\\\/es\\\/\"},{\"@type\":\"ListItem\",\"position\":2,\"name\":\"Bombas de Hormig\u00f3n\",\"item\":\"https:\\\/\\\/spiderbooms.com\\\/es\\\/bombas-de-hormigon\\\/\"},{\"@type\":\"ListItem\",\"position\":3,\"name\":\"Bombas de Hormig\u00f3n Estacionarias\"}]},{\"@type\":\"WebSite\",\"@id\":\"https:\\\/\\\/spiderbooms.com\\\/#website\",\"url\":\"https:\\\/\\\/spiderbooms.com\\\/\",\"name\":\"Spider Booms\",\"description\":\"The world&#039;s leading concrete distributor brand\",\"potentialAction\":[{\"@type\":\"SearchAction\",\"target\":{\"@type\":\"EntryPoint\",\"urlTemplate\":\"https:\\\/\\\/spiderbooms.com\\\/?s={search_term_string}\"},\"query-input\":{\"@type\":\"PropertyValueSpecification\",\"valueRequired\":true,\"valueName\":\"search_term_string\"}}],\"inLanguage\":\"es\"}]}<\/script>\n<!-- \/ Yoast SEO Premium plugin. -->","yoast_head_json":{"title":"Bombas de Hormig\u00f3n Estacionarias - Spider Booms","robots":{"index":"index","follow":"follow","max-snippet":"max-snippet:-1","max-image-preview":"max-image-preview:large","max-video-preview":"max-video-preview:-1"},"canonical":"https:\/\/spiderbooms.com\/es\/bombas-de-hormigon\/bombas-de-hormigon-estacionarias\/","og_locale":"es_ES","og_type":"article","og_title":"Bombas de Hormig\u00f3n Estacionarias","og_description":"[vc_row css=&#8221;.vc_custom_1637578846052{margin-bottom: 80px !important;}&#8221;][vc_column width=&#8221;1\/2&#8243;][vc_single_image image=&#8221;7751&#8243; img_size=&#8221;500&#215;500&#8243; alignment=&#8221;center&#8221;][\/vc_column][vc_column width=&#8221;1\/2&#8243;][vc_custom_heading text=&#8221;Caracter\u00edsticas Generales de la Serie CP&#8221;][vc_column_text css=&#8221;.vc_custom_1650440521576{margin-bottom: 20px !important;}&#8221;] Sistema de [&hellip;]","og_url":"https:\/\/spiderbooms.com\/es\/bombas-de-hormigon\/bombas-de-hormigon-estacionarias\/","og_site_name":"Spider Booms","article_modified_time":"2023-01-17T14:25:59+00:00","twitter_card":"summary_large_image","twitter_misc":{"Tiempo de lectura":"1 minuto"},"schema":{"@context":"https:\/\/schema.org","@graph":[{"@type":"WebPage","@id":"https:\/\/spiderbooms.com\/es\/bombas-de-hormigon\/bombas-de-hormigon-estacionarias\/","url":"https:\/\/spiderbooms.com\/es\/bombas-de-hormigon\/bombas-de-hormigon-estacionarias\/","name":"Bombas de Hormig\u00f3n Estacionarias - Spider Booms","isPartOf":{"@id":"https:\/\/spiderbooms.com\/#website"},"datePublished":"2021-11-22T14:12:37+00:00","dateModified":"2023-01-17T14:25:59+00:00","breadcrumb":{"@id":"https:\/\/spiderbooms.com\/es\/bombas-de-hormigon\/bombas-de-hormigon-estacionarias\/#breadcrumb"},"inLanguage":"es","potentialAction":[{"@type":"ReadAction","target":["https:\/\/spiderbooms.com\/es\/bombas-de-hormigon\/bombas-de-hormigon-estacionarias\/"]}]},{"@type":"BreadcrumbList","@id":"https:\/\/spiderbooms.com\/es\/bombas-de-hormigon\/bombas-de-hormigon-estacionarias\/#breadcrumb","itemListElement":[{"@type":"ListItem","position":1,"name":"Home","item":"https:\/\/spiderbooms.com\/es\/"},{"@type":"ListItem","position":2,"name":"Bombas de Hormig\u00f3n","item":"https:\/\/spiderbooms.com\/es\/bombas-de-hormigon\/"},{"@type":"ListItem","position":3,"name":"Bombas de Hormig\u00f3n Estacionarias"}]},{"@type":"WebSite","@id":"https:\/\/spiderbooms.com\/#website","url":"https:\/\/spiderbooms.com\/","name":"Spider Booms","description":"The world&#039;s leading concrete distributor brand","potentialAction":[{"@type":"SearchAction","target":{"@type":"EntryPoint","urlTemplate":"https:\/\/spiderbooms.com\/?s={search_term_string}"},"query-input":{"@type":"PropertyValueSpecification","valueRequired":true,"valueName":"search_term_string"}}],"inLanguage":"es"}]}},"_links":{"self":[{"href":"https:\/\/spiderbooms.com\/es\/wp-json\/wp\/v2\/pages\/9260","targetHints":{"allow":["GET"]}}],"collection":[{"href":"https:\/\/spiderbooms.com\/es\/wp-json\/wp\/v2\/pages"}],"about":[{"href":"https:\/\/spiderbooms.com\/es\/wp-json\/wp\/v2\/types\/page"}],"author":[{"embeddable":true,"href":"https:\/\/spiderbooms.com\/es\/wp-json\/wp\/v2\/users\/1"}],"replies":[{"embeddable":true,"href":"https:\/\/spiderbooms.com\/es\/wp-json\/wp\/v2\/comments?post=9260"}],"version-history":[{"count":11,"href":"https:\/\/spiderbooms.com\/es\/wp-json\/wp\/v2\/pages\/9260\/revisions"}],"predecessor-version":[{"id":9895,"href":"https:\/\/spiderbooms.com\/es\/wp-json\/wp\/v2\/pages\/9260\/revisions\/9895"}],"up":[{"embeddable":true,"href":"https:\/\/spiderbooms.com\/es\/wp-json\/wp\/v2\/pages\/9333"}],"wp:attachment":[{"href":"https:\/\/spiderbooms.com\/es\/wp-json\/wp\/v2\/media?parent=9260"}],"curies":[{"name":"wp","href":"https:\/\/api.w.org\/{rel}","templated":true}]}}