{"id":9264,"date":"2021-11-22T16:38:46","date_gmt":"2021-11-22T13:38:46","guid":{"rendered":"https:\/\/spiderbooms.com\/pluma-de-colocacion-de-hormigon\/mast-placing-boom\/"},"modified":"2023-01-18T09:47:59","modified_gmt":"2023-01-18T06:47:59","slug":"pluma-de-colocacion-del-mastil","status":"publish","type":"page","link":"https:\/\/spiderbooms.com\/es\/pluma-de-colocacion-de-hormigon\/pluma-de-colocacion-del-mastil\/","title":{"rendered":"Pluma de Colocaci\u00f3n Del M\u00e1stil"},"content":{"rendered":"<div class=\"wpb-content-wrapper\"><p>[vc_row css=&#8221;.vc_custom_1637578846052{margin-bottom: 80px !important;}&#8221;][vc_column width=&#8221;1\/2&#8243;][vc_single_image image=&#8221;7572&#8243; img_size=&#8221;500&#215;500&#8243; alignment=&#8221;center&#8221;][\/vc_column][vc_column width=&#8221;1\/2&#8243;][vc_custom_heading text=&#8221;Caracter\u00edsticas Generales de la Serie M&#8221;][vc_column_text css=&#8221;.vc_custom_1650369224002{margin-bottom: 20px !important;}&#8221;]<\/p>\n<ul>\n<li>Mecanismo de &#8220;anillo deslizante&#8221; para proporcionar un giro de giro infinito. No hay necesidad de preocuparse por el posicionamiento El punto de inicio de la operaci\u00f3n<\/li>\n<li>Estructura Robusta, Todo Hecho de Material de Acero de Alta Resistencia<\/li>\n<li>Construcci\u00f3n Modular Para un Montaje y Desmontaje M\u00e1s F\u00e1cil en Los Lugares de Trabajo<\/li>\n<li>Uso Seguro Y C\u00f3modo Con El Control Remoto Por Radio Integrado Con Sistema De Control Hidr\u00e1ulico Proporcional Avanzado<\/li>\n<\/ul>\n<p><strong>3 Elementos, Modelos Hidr\u00e1ulicos Plegado R:<\/strong>\u00a0M21 &#8211; M24 &#8211; M26<\/p>\n<p><strong>4 Elementos, Modelos Hidr\u00e1ulicos Plegado Z:<\/strong>\u00a0M29 &#8211; M32[\/vc_column_text]<a  href=\"https:\/\/spiderbooms.com\/pdf\/221015_m_series_en.pdf\"  target=\"_blank\"  title=\"\" class=\"tt_button tt_primary_button btn_primary_color hover_solid_secondary pull-left button-action-link\" ><span class=\"prim_text\">Cat\u00e1logo de la Serie M<\/span><\/a>[\/vc_column][\/vc_row][vc_row][vc_column width=&#8221;1\/4&#8243;][\/vc_column][vc_column width=&#8221;1\/4&#8243;][vc_single_image image=&#8221;9792&#8243; alignment=&#8221;center&#8221;][vc_custom_heading text=&#8221;M 29 &#8211; 32&#8243; font_container=&#8221;tag:h3|text_align:center&#8221;][vc_column_text css=&#8221;.vc_custom_1650369660244{margin-bottom: 20px !important;}&#8221;]<\/p>\n<p style=\"text-align: center;\"><strong>Especificaciones Principales<\/strong><br \/>\n4 Elementos Auges con Dise\u00f1o Plegado en Z<br \/>\n<strong>29 m, 32 m <span class=\"tlid-translation translation\" lang=\"es\"><span class=\"\" title=\"\">Alcance Horizontal<\/span><\/span><\/strong><br \/>\n4 m Manguera Final<\/p>\n<p>[\/vc_column_text][\/vc_column][vc_column width=&#8221;1\/4&#8243;][vc_single_image image=&#8221;9788&#8243; alignment=&#8221;center&#8221;][vc_custom_heading text=&#8221;M 21 &#8211; 24 &#8211; 26&#8243; font_container=&#8221;tag:h3|text_align:center&#8221;][vc_column_text css=&#8221;.vc_custom_1650369694262{margin-bottom: 20px !important;}&#8221;]<\/p>\n<p style=\"text-align: center;\"><strong>Especificaciones Principales<\/strong><br \/>\n3 Elementos Auges con Dise\u00f1o Plegado en Z<br \/>\n<strong>21 m, 24 m, 26 m <span class=\"tlid-translation translation\" lang=\"es\"><span class=\"\" title=\"\">Alcance Horizontal<\/span><\/span><\/strong><br \/>\n3 m Manguera Final<\/p>\n<p>[\/vc_column_text][\/vc_column][vc_column width=&#8221;1\/4&#8243;][\/vc_column][\/vc_row][vc_row full_width=&#8221;stretch_row&#8221; gap=&#8221;5&#8243;][vc_column][vc_empty_space][vc_custom_heading text=&#8221;Galer\u00eda de Fotos&#8221; font_container=&#8221;tag:h2|text_align:center&#8221; css=&#8221;.vc_custom_1650280081804{margin-top: 20px !important;}&#8221;][vc_media_grid element_width=&#8221;2&#8243; item=&#8221;masonryMedia_Default&#8221; grid_id=&#8221;vc_gid:1674024420698-50f55edb-cbd0-1&#8243; include=&#8221;7579,7581,7584,7585,7587,8067,8064,8063,8059,8057,8056,8054&#8243;][\/vc_column][\/vc_row]<\/p>\n<\/div>","protected":false},"excerpt":{"rendered":"<p>[vc_row css=&#8221;.vc_custom_1637578846052{margin-bottom: 80px !important;}&#8221;][vc_column width=&#8221;1\/2&#8243;][vc_single_image image=&#8221;7572&#8243; img_size=&#8221;500&#215;500&#8243; alignment=&#8221;center&#8221;][\/vc_column][vc_column width=&#8221;1\/2&#8243;][vc_custom_heading text=&#8221;Caracter\u00edsticas Generales de la Serie M&#8221;][vc_column_text css=&#8221;.vc_custom_1650369224002{margin-bottom: 20px !important;}&#8221;] Mecanismo de [&hellip;]<\/p>\n","protected":false},"author":1,"featured_media":0,"parent":9135,"menu_order":0,"comment_status":"closed","ping_status":"closed","template":"","meta":{"footnotes":""},"class_list":["post-9264","page","type-page","status-publish","hentry"],"yoast_head":"<!-- This site is optimized with the Yoast SEO Premium plugin v18.2.1 (Yoast SEO v27.5) - https:\/\/yoast.com\/product\/yoast-seo-premium-wordpress\/ -->\n<title>Pluma de Colocaci\u00f3n Del M\u00e1stil - Spider Booms<\/title>\n<meta name=\"robots\" content=\"index, follow, max-snippet:-1, max-image-preview:large, max-video-preview:-1\" \/>\n<link rel=\"canonical\" href=\"https:\/\/spiderbooms.com\/es\/pluma-de-colocacion-de-hormigon\/pluma-de-colocacion-del-mastil\/\" \/>\n<meta property=\"og:locale\" content=\"es_ES\" \/>\n<meta property=\"og:type\" content=\"article\" \/>\n<meta property=\"og:title\" content=\"Pluma de Colocaci\u00f3n Del M\u00e1stil\" \/>\n<meta property=\"og:description\" content=\"[vc_row css=&#8221;.vc_custom_1637578846052{margin-bottom: 80px !important;}&#8221;][vc_column width=&#8221;1\/2&#8243;][vc_single_image image=&#8221;7572&#8243; img_size=&#8221;500&#215;500&#8243; alignment=&#8221;center&#8221;][\/vc_column][vc_column width=&#8221;1\/2&#8243;][vc_custom_heading text=&#8221;Caracter\u00edsticas Generales de la Serie M&#8221;][vc_column_text css=&#8221;.vc_custom_1650369224002{margin-bottom: 20px !important;}&#8221;] Mecanismo de [&hellip;]\" \/>\n<meta property=\"og:url\" content=\"https:\/\/spiderbooms.com\/es\/pluma-de-colocacion-de-hormigon\/pluma-de-colocacion-del-mastil\/\" \/>\n<meta property=\"og:site_name\" content=\"Spider Booms\" \/>\n<meta property=\"article:modified_time\" content=\"2023-01-18T06:47:59+00:00\" \/>\n<meta name=\"twitter:card\" content=\"summary_large_image\" \/>\n<meta name=\"twitter:label1\" content=\"Tiempo de lectura\" \/>\n\t<meta name=\"twitter:data1\" content=\"2 minutos\" \/>\n<script type=\"application\/ld+json\" class=\"yoast-schema-graph\">{\"@context\":\"https:\\\/\\\/schema.org\",\"@graph\":[{\"@type\":\"WebPage\",\"@id\":\"https:\\\/\\\/spiderbooms.com\\\/es\\\/pluma-de-colocacion-de-hormigon\\\/pluma-de-colocacion-del-mastil\\\/\",\"url\":\"https:\\\/\\\/spiderbooms.com\\\/es\\\/pluma-de-colocacion-de-hormigon\\\/pluma-de-colocacion-del-mastil\\\/\",\"name\":\"Pluma de Colocaci\u00f3n Del M\u00e1stil - Spider Booms\",\"isPartOf\":{\"@id\":\"https:\\\/\\\/spiderbooms.com\\\/#website\"},\"datePublished\":\"2021-11-22T13:38:46+00:00\",\"dateModified\":\"2023-01-18T06:47:59+00:00\",\"breadcrumb\":{\"@id\":\"https:\\\/\\\/spiderbooms.com\\\/es\\\/pluma-de-colocacion-de-hormigon\\\/pluma-de-colocacion-del-mastil\\\/#breadcrumb\"},\"inLanguage\":\"es\",\"potentialAction\":[{\"@type\":\"ReadAction\",\"target\":[\"https:\\\/\\\/spiderbooms.com\\\/es\\\/pluma-de-colocacion-de-hormigon\\\/pluma-de-colocacion-del-mastil\\\/\"]}]},{\"@type\":\"BreadcrumbList\",\"@id\":\"https:\\\/\\\/spiderbooms.com\\\/es\\\/pluma-de-colocacion-de-hormigon\\\/pluma-de-colocacion-del-mastil\\\/#breadcrumb\",\"itemListElement\":[{\"@type\":\"ListItem\",\"position\":1,\"name\":\"Home\",\"item\":\"https:\\\/\\\/spiderbooms.com\\\/es\\\/\"},{\"@type\":\"ListItem\",\"position\":2,\"name\":\"Distribuidores de Hormig\u00f3n\",\"item\":\"https:\\\/\\\/spiderbooms.com\\\/es\\\/pluma-de-colocacion-de-hormigon\\\/\"},{\"@type\":\"ListItem\",\"position\":3,\"name\":\"Pluma de Colocaci\u00f3n Del M\u00e1stil\"}]},{\"@type\":\"WebSite\",\"@id\":\"https:\\\/\\\/spiderbooms.com\\\/#website\",\"url\":\"https:\\\/\\\/spiderbooms.com\\\/\",\"name\":\"Spider Booms\",\"description\":\"The world&#039;s leading concrete distributor brand\",\"potentialAction\":[{\"@type\":\"SearchAction\",\"target\":{\"@type\":\"EntryPoint\",\"urlTemplate\":\"https:\\\/\\\/spiderbooms.com\\\/?s={search_term_string}\"},\"query-input\":{\"@type\":\"PropertyValueSpecification\",\"valueRequired\":true,\"valueName\":\"search_term_string\"}}],\"inLanguage\":\"es\"}]}<\/script>\n<!-- \/ Yoast SEO Premium plugin. -->","yoast_head_json":{"title":"Pluma de Colocaci\u00f3n Del M\u00e1stil - Spider Booms","robots":{"index":"index","follow":"follow","max-snippet":"max-snippet:-1","max-image-preview":"max-image-preview:large","max-video-preview":"max-video-preview:-1"},"canonical":"https:\/\/spiderbooms.com\/es\/pluma-de-colocacion-de-hormigon\/pluma-de-colocacion-del-mastil\/","og_locale":"es_ES","og_type":"article","og_title":"Pluma de Colocaci\u00f3n Del M\u00e1stil","og_description":"[vc_row css=&#8221;.vc_custom_1637578846052{margin-bottom: 80px !important;}&#8221;][vc_column width=&#8221;1\/2&#8243;][vc_single_image image=&#8221;7572&#8243; img_size=&#8221;500&#215;500&#8243; alignment=&#8221;center&#8221;][\/vc_column][vc_column width=&#8221;1\/2&#8243;][vc_custom_heading text=&#8221;Caracter\u00edsticas Generales de la Serie M&#8221;][vc_column_text css=&#8221;.vc_custom_1650369224002{margin-bottom: 20px !important;}&#8221;] Mecanismo de [&hellip;]","og_url":"https:\/\/spiderbooms.com\/es\/pluma-de-colocacion-de-hormigon\/pluma-de-colocacion-del-mastil\/","og_site_name":"Spider Booms","article_modified_time":"2023-01-18T06:47:59+00:00","twitter_card":"summary_large_image","twitter_misc":{"Tiempo de lectura":"2 minutos"},"schema":{"@context":"https:\/\/schema.org","@graph":[{"@type":"WebPage","@id":"https:\/\/spiderbooms.com\/es\/pluma-de-colocacion-de-hormigon\/pluma-de-colocacion-del-mastil\/","url":"https:\/\/spiderbooms.com\/es\/pluma-de-colocacion-de-hormigon\/pluma-de-colocacion-del-mastil\/","name":"Pluma de Colocaci\u00f3n Del M\u00e1stil - Spider Booms","isPartOf":{"@id":"https:\/\/spiderbooms.com\/#website"},"datePublished":"2021-11-22T13:38:46+00:00","dateModified":"2023-01-18T06:47:59+00:00","breadcrumb":{"@id":"https:\/\/spiderbooms.com\/es\/pluma-de-colocacion-de-hormigon\/pluma-de-colocacion-del-mastil\/#breadcrumb"},"inLanguage":"es","potentialAction":[{"@type":"ReadAction","target":["https:\/\/spiderbooms.com\/es\/pluma-de-colocacion-de-hormigon\/pluma-de-colocacion-del-mastil\/"]}]},{"@type":"BreadcrumbList","@id":"https:\/\/spiderbooms.com\/es\/pluma-de-colocacion-de-hormigon\/pluma-de-colocacion-del-mastil\/#breadcrumb","itemListElement":[{"@type":"ListItem","position":1,"name":"Home","item":"https:\/\/spiderbooms.com\/es\/"},{"@type":"ListItem","position":2,"name":"Distribuidores de Hormig\u00f3n","item":"https:\/\/spiderbooms.com\/es\/pluma-de-colocacion-de-hormigon\/"},{"@type":"ListItem","position":3,"name":"Pluma de Colocaci\u00f3n Del M\u00e1stil"}]},{"@type":"WebSite","@id":"https:\/\/spiderbooms.com\/#website","url":"https:\/\/spiderbooms.com\/","name":"Spider Booms","description":"The world&#039;s leading concrete distributor brand","potentialAction":[{"@type":"SearchAction","target":{"@type":"EntryPoint","urlTemplate":"https:\/\/spiderbooms.com\/?s={search_term_string}"},"query-input":{"@type":"PropertyValueSpecification","valueRequired":true,"valueName":"search_term_string"}}],"inLanguage":"es"}]}},"_links":{"self":[{"href":"https:\/\/spiderbooms.com\/es\/wp-json\/wp\/v2\/pages\/9264","targetHints":{"allow":["GET"]}}],"collection":[{"href":"https:\/\/spiderbooms.com\/es\/wp-json\/wp\/v2\/pages"}],"about":[{"href":"https:\/\/spiderbooms.com\/es\/wp-json\/wp\/v2\/types\/page"}],"author":[{"embeddable":true,"href":"https:\/\/spiderbooms.com\/es\/wp-json\/wp\/v2\/users\/1"}],"replies":[{"embeddable":true,"href":"https:\/\/spiderbooms.com\/es\/wp-json\/wp\/v2\/comments?post=9264"}],"version-history":[{"count":16,"href":"https:\/\/spiderbooms.com\/es\/wp-json\/wp\/v2\/pages\/9264\/revisions"}],"predecessor-version":[{"id":9902,"href":"https:\/\/spiderbooms.com\/es\/wp-json\/wp\/v2\/pages\/9264\/revisions\/9902"}],"up":[{"embeddable":true,"href":"https:\/\/spiderbooms.com\/es\/wp-json\/wp\/v2\/pages\/9135"}],"wp:attachment":[{"href":"https:\/\/spiderbooms.com\/es\/wp-json\/wp\/v2\/media?parent=9264"}],"curies":[{"name":"wp","href":"https:\/\/api.w.org\/{rel}","templated":true}]}}