{"id":9265,"date":"2021-11-22T16:48:08","date_gmt":"2021-11-22T13:48:08","guid":{"rendered":"https:\/\/spiderbooms.com\/pluma-de-colocacion-de-hormigon\/mini-spider-boom\/"},"modified":"2023-01-17T17:27:34","modified_gmt":"2023-01-17T14:27:34","slug":"mini-distribuidor-sobre-carro","status":"publish","type":"page","link":"https:\/\/spiderbooms.com\/es\/pluma-de-colocacion-de-hormigon\/mini-distribuidor-sobre-carro\/","title":{"rendered":"Mini Distribuidor Sobre Carro"},"content":{"rendered":"<div class=\"wpb-content-wrapper\"><p>[vc_row css=&#8221;.vc_custom_1637578846052{margin-bottom: 80px !important;}&#8221;][vc_column width=&#8221;1\/2&#8243;]<div class=\"video-container play-button-center\" ><img loading=\"lazy\" decoding=\"async\" width=\"1024\" height=\"1024\" src=\"https:\/\/spiderbooms.com\/wp-content\/uploads\/2022\/01\/ps-series-06.jpg\" class=\"attachment-full\" alt=\"\" title=\"ps-series-06\" srcset=\"https:\/\/spiderbooms.com\/wp-content\/uploads\/2022\/01\/ps-series-06.jpg 1024w, https:\/\/spiderbooms.com\/wp-content\/uploads\/2022\/01\/ps-series-06-300x300.jpg 300w, https:\/\/spiderbooms.com\/wp-content\/uploads\/2022\/01\/ps-series-06-150x150.jpg 150w, https:\/\/spiderbooms.com\/wp-content\/uploads\/2022\/01\/ps-series-06-768x768.jpg 768w, https:\/\/spiderbooms.com\/wp-content\/uploads\/2022\/01\/ps-series-06-320x320.jpg 320w, https:\/\/spiderbooms.com\/wp-content\/uploads\/2022\/01\/ps-series-06-800x800.jpg 800w\" sizes=\"auto, (max-width: 1024px) 100vw, 1024px\" \/><a data-toggle=\"modal\" data-target=\"#video-modal-kd-video-modal-69f37337561ae\" data-src=\"\" data-backdrop=\"true\" class=\"\"><span class=\"play-video\"><span class=\"fas fa-play\"><\/span><\/span><\/a><\/div><div class=\"modal fade video-modal\" id=\"video-modal-kd-video-modal-69f37337561ae\" role=\"dialog\">\n                            <div class=\"modal-content\">\n                            <button type=\"button\" class=\"close\" data-dismiss=\"modal\">\u00d7<\/button>\n                            <div class=\"row\"><video class=\"video-modal-local\" title=\"\" poster=\"\" height=\"400px\" controls>\n                              <source src=\"https:\/\/spiderbooms.com\/video\/ps07-v2-tanitim_en_181022.mp4\" type=\"video\/mp4\"><img decoding=\"async\" alt=\"\" src=\"\" title=\"Video playback is not supported by your browser\" \/>\n                              <\/video><\/div>\n                            <\/div>\n                        <\/div>[\/vc_column][vc_column width=&#8221;1\/2&#8243;][vc_custom_heading text=&#8221;Caracter\u00edsticas Generales de la Serie PS&#8221;][vc_column_text css=&#8221;.vc_custom_1650364928413{margin-bottom: 20px !important;}&#8221;]<\/p>\n<ul>\n<li>Con 360<sup>o<\/sup>\u00a0Movimiento de Giro<\/li>\n<li>Boom Hidr\u00e1ulico Activado Con Cilindros de Elevaci\u00f3n<\/li>\n<li>Cilindro Hidr\u00e1ulico Accionado Con Bomba Manual Hidr\u00e1ulica<\/li>\n<li>4 Ruedas de Carretilla Para un Transporte M\u00e1s F\u00e1cil<\/li>\n<li>Estabilizadores Plegables con Gatos Mec\u00e1nicos Para la M\u00e1xima Conformidad Con el Lugar de Aplicaci\u00f3n<\/li>\n<\/ul>\n<p>[\/vc_column_text]<a  href=\"https:\/\/spiderbooms.com\/pdf\/221015_ps_series_en.pdf\"  target=\"_blank\"  title=\"\" class=\"tt_button tt_primary_button btn_primary_color hover_solid_secondary pull-left button-action-link\" ><span class=\"prim_text\">Cat\u00e1logo de la Serie PS<\/span><\/a>[\/vc_column][\/vc_row][vc_row][vc_column width=&#8221;1\/4&#8243;][\/vc_column][vc_column width=&#8221;1\/4&#8243;][vc_single_image image=&#8221;9802&#8243; alignment=&#8221;center&#8221;][vc_custom_heading text=&#8221;PS 07&#8243; font_container=&#8221;tag:h3|text_align:center&#8221;][vc_column_text css=&#8221;.vc_custom_1666088177144{margin-bottom: 20px !important;}&#8221;]<\/p>\n<p style=\"text-align: center;\"><strong>Especificaciones Principales<\/strong><br \/>\n<strong><span class=\"tlid-translation translation\" lang=\"es\"><span class=\"alt-edited\" title=\"\">E<\/span><\/span><span class=\"tlid-translation translation\" lang=\"es\"><span class=\"alt-edited\" title=\"\">ntrega Altura<\/span><\/span>:<\/strong> M\u00e1ximo 7.6 m<br \/>\n<strong><span class=\"tlid-translation translation\" lang=\"es\"><span class=\"\" title=\"\">Radio Horizontal<\/span><\/span>:<\/strong> 7 m (+2 m Manguera Final)<br \/>\nTama\u00f1o Compacto Con Baja Operativo<br \/>\n<strong><span class=\"tlid-translation translation\" lang=\"es\"><span class=\"\" title=\"\">Peso<\/span><\/span>:<\/strong> 1500 kg<\/p>\n<p>[\/vc_column_text][\/vc_column][vc_column width=&#8221;1\/4&#8243;][vc_single_image image=&#8221;9798&#8243; alignment=&#8221;center&#8221;][vc_custom_heading text=&#8221;PS 05&#8243; font_container=&#8221;tag:h3|text_align:center&#8221;][vc_column_text css=&#8221;.vc_custom_1668603769453{margin-bottom: 20px !important;}&#8221;]<\/p>\n<p style=\"text-align: center;\"><strong>Especificaciones Principales<\/strong><br \/>\n<strong>Entrega Altura:<\/strong> M\u00e1ximo 5.6 m<br \/>\n<strong><span class=\"\" title=\"\">Radio Horizontal<\/span>:<\/strong> 5 m (+2 m Manguera Final)<br \/>\nTama\u00f1o Compacto Con Baja Operativo<br \/>\n<strong><span class=\"\" title=\"\">Peso<\/span>:<\/strong> 980 kg<\/p>\n<p>[\/vc_column_text][\/vc_column][vc_column width=&#8221;1\/4&#8243;][\/vc_column][\/vc_row][vc_row full_width=&#8221;stretch_row&#8221; gap=&#8221;5&#8243;][vc_column][vc_empty_space][vc_custom_heading text=&#8221;Galer\u00eda de Fotos&#8221; font_container=&#8221;tag:h2|text_align:center&#8221; css=&#8221;.vc_custom_1650280054327{margin-top: 20px !important;}&#8221;][vc_media_grid element_width=&#8221;2&#8243; item=&#8221;masonryMedia_Default&#8221; grid_id=&#8221;vc_gid:1673965625962-476ef033-aa17-6&#8243; include=&#8221;7610,7609,7608,7607,7606,7605,7598,7599,7600,7601,7602,7604&#8243;][\/vc_column][\/vc_row]<\/p>\n<\/div>","protected":false},"excerpt":{"rendered":"<p>[vc_row css=&#8221;.vc_custom_1637578846052{margin-bottom: 80px !important;}&#8221;][vc_column width=&#8221;1\/2&#8243;][\/vc_column][vc_column width=&#8221;1\/2&#8243;][vc_custom_heading text=&#8221;Caracter\u00edsticas Generales de la Serie PS&#8221;][vc_column_text css=&#8221;.vc_custom_1650364928413{margin-bottom: 20px !important;}&#8221;] Con 360o\u00a0Movimiento de Giro Boom [&hellip;]<\/p>\n","protected":false},"author":1,"featured_media":0,"parent":9135,"menu_order":0,"comment_status":"closed","ping_status":"closed","template":"","meta":{"footnotes":""},"class_list":["post-9265","page","type-page","status-publish","hentry"],"yoast_head":"<!-- This site is optimized with the Yoast SEO Premium plugin v18.2.1 (Yoast SEO v27.5) - https:\/\/yoast.com\/product\/yoast-seo-premium-wordpress\/ -->\n<title>Mini Distribuidor Sobre Carro - Spider Booms<\/title>\n<meta name=\"robots\" content=\"index, follow, max-snippet:-1, max-image-preview:large, max-video-preview:-1\" \/>\n<link rel=\"canonical\" href=\"https:\/\/spiderbooms.com\/es\/pluma-de-colocacion-de-hormigon\/mini-distribuidor-sobre-carro\/\" \/>\n<meta property=\"og:locale\" content=\"es_ES\" \/>\n<meta property=\"og:type\" content=\"article\" \/>\n<meta property=\"og:title\" content=\"Mini Distribuidor Sobre Carro\" \/>\n<meta property=\"og:description\" content=\"[vc_row css=&#8221;.vc_custom_1637578846052{margin-bottom: 80px !important;}&#8221;][vc_column width=&#8221;1\/2&#8243;][\/vc_column][vc_column width=&#8221;1\/2&#8243;][vc_custom_heading text=&#8221;Caracter\u00edsticas Generales de la Serie PS&#8221;][vc_column_text css=&#8221;.vc_custom_1650364928413{margin-bottom: 20px !important;}&#8221;] Con 360o\u00a0Movimiento de Giro Boom [&hellip;]\" \/>\n<meta property=\"og:url\" content=\"https:\/\/spiderbooms.com\/es\/pluma-de-colocacion-de-hormigon\/mini-distribuidor-sobre-carro\/\" \/>\n<meta property=\"og:site_name\" content=\"Spider Booms\" \/>\n<meta property=\"article:modified_time\" content=\"2023-01-17T14:27:34+00:00\" \/>\n<meta name=\"twitter:card\" content=\"summary_large_image\" \/>\n<meta name=\"twitter:label1\" content=\"Tiempo de lectura\" \/>\n\t<meta name=\"twitter:data1\" content=\"1 minuto\" \/>\n<script type=\"application\/ld+json\" class=\"yoast-schema-graph\">{\"@context\":\"https:\\\/\\\/schema.org\",\"@graph\":[{\"@type\":\"WebPage\",\"@id\":\"https:\\\/\\\/spiderbooms.com\\\/es\\\/pluma-de-colocacion-de-hormigon\\\/mini-distribuidor-sobre-carro\\\/\",\"url\":\"https:\\\/\\\/spiderbooms.com\\\/es\\\/pluma-de-colocacion-de-hormigon\\\/mini-distribuidor-sobre-carro\\\/\",\"name\":\"Mini Distribuidor Sobre Carro - Spider Booms\",\"isPartOf\":{\"@id\":\"https:\\\/\\\/spiderbooms.com\\\/#website\"},\"datePublished\":\"2021-11-22T13:48:08+00:00\",\"dateModified\":\"2023-01-17T14:27:34+00:00\",\"breadcrumb\":{\"@id\":\"https:\\\/\\\/spiderbooms.com\\\/es\\\/pluma-de-colocacion-de-hormigon\\\/mini-distribuidor-sobre-carro\\\/#breadcrumb\"},\"inLanguage\":\"es\",\"potentialAction\":[{\"@type\":\"ReadAction\",\"target\":[\"https:\\\/\\\/spiderbooms.com\\\/es\\\/pluma-de-colocacion-de-hormigon\\\/mini-distribuidor-sobre-carro\\\/\"]}]},{\"@type\":\"BreadcrumbList\",\"@id\":\"https:\\\/\\\/spiderbooms.com\\\/es\\\/pluma-de-colocacion-de-hormigon\\\/mini-distribuidor-sobre-carro\\\/#breadcrumb\",\"itemListElement\":[{\"@type\":\"ListItem\",\"position\":1,\"name\":\"Home\",\"item\":\"https:\\\/\\\/spiderbooms.com\\\/es\\\/\"},{\"@type\":\"ListItem\",\"position\":2,\"name\":\"Distribuidores de Hormig\u00f3n\",\"item\":\"https:\\\/\\\/spiderbooms.com\\\/es\\\/pluma-de-colocacion-de-hormigon\\\/\"},{\"@type\":\"ListItem\",\"position\":3,\"name\":\"Mini Distribuidor Sobre Carro\"}]},{\"@type\":\"WebSite\",\"@id\":\"https:\\\/\\\/spiderbooms.com\\\/#website\",\"url\":\"https:\\\/\\\/spiderbooms.com\\\/\",\"name\":\"Spider Booms\",\"description\":\"The world&#039;s leading concrete distributor brand\",\"potentialAction\":[{\"@type\":\"SearchAction\",\"target\":{\"@type\":\"EntryPoint\",\"urlTemplate\":\"https:\\\/\\\/spiderbooms.com\\\/?s={search_term_string}\"},\"query-input\":{\"@type\":\"PropertyValueSpecification\",\"valueRequired\":true,\"valueName\":\"search_term_string\"}}],\"inLanguage\":\"es\"}]}<\/script>\n<!-- \/ Yoast SEO Premium plugin. -->","yoast_head_json":{"title":"Mini Distribuidor Sobre Carro - Spider Booms","robots":{"index":"index","follow":"follow","max-snippet":"max-snippet:-1","max-image-preview":"max-image-preview:large","max-video-preview":"max-video-preview:-1"},"canonical":"https:\/\/spiderbooms.com\/es\/pluma-de-colocacion-de-hormigon\/mini-distribuidor-sobre-carro\/","og_locale":"es_ES","og_type":"article","og_title":"Mini Distribuidor Sobre Carro","og_description":"[vc_row css=&#8221;.vc_custom_1637578846052{margin-bottom: 80px !important;}&#8221;][vc_column width=&#8221;1\/2&#8243;][\/vc_column][vc_column width=&#8221;1\/2&#8243;][vc_custom_heading text=&#8221;Caracter\u00edsticas Generales de la Serie PS&#8221;][vc_column_text css=&#8221;.vc_custom_1650364928413{margin-bottom: 20px !important;}&#8221;] Con 360o\u00a0Movimiento de Giro Boom [&hellip;]","og_url":"https:\/\/spiderbooms.com\/es\/pluma-de-colocacion-de-hormigon\/mini-distribuidor-sobre-carro\/","og_site_name":"Spider Booms","article_modified_time":"2023-01-17T14:27:34+00:00","twitter_card":"summary_large_image","twitter_misc":{"Tiempo de lectura":"1 minuto"},"schema":{"@context":"https:\/\/schema.org","@graph":[{"@type":"WebPage","@id":"https:\/\/spiderbooms.com\/es\/pluma-de-colocacion-de-hormigon\/mini-distribuidor-sobre-carro\/","url":"https:\/\/spiderbooms.com\/es\/pluma-de-colocacion-de-hormigon\/mini-distribuidor-sobre-carro\/","name":"Mini Distribuidor Sobre Carro - Spider Booms","isPartOf":{"@id":"https:\/\/spiderbooms.com\/#website"},"datePublished":"2021-11-22T13:48:08+00:00","dateModified":"2023-01-17T14:27:34+00:00","breadcrumb":{"@id":"https:\/\/spiderbooms.com\/es\/pluma-de-colocacion-de-hormigon\/mini-distribuidor-sobre-carro\/#breadcrumb"},"inLanguage":"es","potentialAction":[{"@type":"ReadAction","target":["https:\/\/spiderbooms.com\/es\/pluma-de-colocacion-de-hormigon\/mini-distribuidor-sobre-carro\/"]}]},{"@type":"BreadcrumbList","@id":"https:\/\/spiderbooms.com\/es\/pluma-de-colocacion-de-hormigon\/mini-distribuidor-sobre-carro\/#breadcrumb","itemListElement":[{"@type":"ListItem","position":1,"name":"Home","item":"https:\/\/spiderbooms.com\/es\/"},{"@type":"ListItem","position":2,"name":"Distribuidores de Hormig\u00f3n","item":"https:\/\/spiderbooms.com\/es\/pluma-de-colocacion-de-hormigon\/"},{"@type":"ListItem","position":3,"name":"Mini Distribuidor Sobre Carro"}]},{"@type":"WebSite","@id":"https:\/\/spiderbooms.com\/#website","url":"https:\/\/spiderbooms.com\/","name":"Spider Booms","description":"The world&#039;s leading concrete distributor brand","potentialAction":[{"@type":"SearchAction","target":{"@type":"EntryPoint","urlTemplate":"https:\/\/spiderbooms.com\/?s={search_term_string}"},"query-input":{"@type":"PropertyValueSpecification","valueRequired":true,"valueName":"search_term_string"}}],"inLanguage":"es"}]}},"_links":{"self":[{"href":"https:\/\/spiderbooms.com\/es\/wp-json\/wp\/v2\/pages\/9265","targetHints":{"allow":["GET"]}}],"collection":[{"href":"https:\/\/spiderbooms.com\/es\/wp-json\/wp\/v2\/pages"}],"about":[{"href":"https:\/\/spiderbooms.com\/es\/wp-json\/wp\/v2\/types\/page"}],"author":[{"embeddable":true,"href":"https:\/\/spiderbooms.com\/es\/wp-json\/wp\/v2\/users\/1"}],"replies":[{"embeddable":true,"href":"https:\/\/spiderbooms.com\/es\/wp-json\/wp\/v2\/comments?post=9265"}],"version-history":[{"count":15,"href":"https:\/\/spiderbooms.com\/es\/wp-json\/wp\/v2\/pages\/9265\/revisions"}],"predecessor-version":[{"id":9900,"href":"https:\/\/spiderbooms.com\/es\/wp-json\/wp\/v2\/pages\/9265\/revisions\/9900"}],"up":[{"embeddable":true,"href":"https:\/\/spiderbooms.com\/es\/wp-json\/wp\/v2\/pages\/9135"}],"wp:attachment":[{"href":"https:\/\/spiderbooms.com\/es\/wp-json\/wp\/v2\/media?parent=9265"}],"curies":[{"name":"wp","href":"https:\/\/api.w.org\/{rel}","templated":true}]}}