{"id":9266,"date":"2021-11-22T16:49:03","date_gmt":"2021-11-22T13:49:03","guid":{"rendered":"https:\/\/spiderbooms.com\/pluma-de-colocacion-de-hormigon\/rotary-distributor\/"},"modified":"2023-01-17T17:26:38","modified_gmt":"2023-01-17T14:26:38","slug":"distribuidor-rotativo","status":"publish","type":"page","link":"https:\/\/spiderbooms.com\/es\/pluma-de-colocacion-de-hormigon\/distribuidor-rotativo\/","title":{"rendered":"Distribuidor Rotativo"},"content":{"rendered":"<div class=\"wpb-content-wrapper\"><p>[vc_row css=&#8221;.vc_custom_1637578846052{margin-bottom: 80px !important;}&#8221;][vc_column width=&#8221;1\/2&#8243;][vc_single_image image=&#8221;7695&#8243; img_size=&#8221;500&#215;500&#8243; alignment=&#8221;center&#8221;][\/vc_column][vc_column width=&#8221;1\/2&#8243;][vc_custom_heading text=&#8221;Caracter\u00edsticas Generales de la Serie BMP&#8221;][vc_column_text css=&#8221;.vc_custom_1650364779460{margin-bottom: 20px !important;}&#8221;]<\/p>\n<ul>\n<li><span class=\"tlid-translation translation\" lang=\"es\"><span class=\"\" title=\"\">F\u00e1cilmente Transportado<\/span><\/span>,\u00a0<span class=\"tlid-translation translation\" lang=\"es\"><span class=\"\" title=\"\">Gracias a la Estructura Modular<\/span><\/span><\/li>\n<li><span class=\"tlid-translation translation\" lang=\"es\"><span class=\"\" title=\"\">M\u00e1s Ligero y M\u00e1s Fuerte en su Clase Gracias a la Estructura \u00danica<\/span><\/span><\/li>\n<li><span class=\"tlid-translation translation\" lang=\"es\"><span class=\"\" title=\"\">Reduce el Costo<\/span><\/span>, Econ\u00f3mico<\/li>\n<\/ul>\n<p>[\/vc_column_text]<a  href=\"https:\/\/spiderbooms.com\/pdf\/221015_bmp_series_en.pdf\"  target=\"_blank\"  title=\"\" class=\"tt_button tt_primary_button btn_primary_color hover_solid_secondary pull-left button-action-link\" ><span class=\"prim_text\">Cat\u00e1logo de la Serie BMP<\/span><\/a>[\/vc_column][\/vc_row][vc_row][vc_column width=&#8221;1\/3&#8243;][\/vc_column][vc_column width=&#8221;1\/3&#8243;][vc_single_image image=&#8221;9808&#8243; alignment=&#8221;center&#8221;][vc_custom_heading text=&#8221;BMP 8 &#8211; 10 &#8211; 12 &#8211; 14 &#8211; 18&#8243; font_container=&#8221;tag:h3|text_align:center&#8221;][vc_column_text css=&#8221;.vc_custom_1650441875497{margin-bottom: 20px !important;}&#8221;]<\/p>\n<p style=\"text-align: center;\"><strong>Especificaciones Principales<\/strong><br \/>\n<strong><span class=\"tlid-translation translation\" lang=\"es\"><span class=\"alt-edited\" title=\"\">\u00c1rea Distribuci\u00f3n<\/span><\/span>:<\/strong> 201 &#8211; 1018 m\u00b2<br \/>\n<strong><span class=\"tlid-translation translation\" lang=\"es\"><span class=\"\" title=\"\">Di\u00e1metro de Distribuci\u00f3n<\/span><\/span>:<\/strong>\u00a016 &#8211; 36 m<\/p>\n<p>[\/vc_column_text][\/vc_column][vc_column width=&#8221;1\/3&#8243;][\/vc_column][\/vc_row][vc_row full_width=&#8221;stretch_row&#8221; gap=&#8221;5&#8243;][vc_column][vc_empty_space][vc_custom_heading text=&#8221;Galer\u00eda de Fotos&#8221; font_container=&#8221;tag:h2|text_align:center&#8221; css=&#8221;.vc_custom_1650280026416{margin-top: 20px !important;}&#8221;][vc_media_grid element_width=&#8221;2&#8243; item=&#8221;masonryMedia_Default&#8221; grid_id=&#8221;vc_gid:1673965570977-c76141df-f945-1&#8243; include=&#8221;7694,7695,7696,7697,7698,7699&#8243;][\/vc_column][\/vc_row]<\/p>\n<\/div>","protected":false},"excerpt":{"rendered":"<p>[vc_row css=&#8221;.vc_custom_1637578846052{margin-bottom: 80px !important;}&#8221;][vc_column width=&#8221;1\/2&#8243;][vc_single_image image=&#8221;7695&#8243; img_size=&#8221;500&#215;500&#8243; alignment=&#8221;center&#8221;][\/vc_column][vc_column width=&#8221;1\/2&#8243;][vc_custom_heading text=&#8221;Caracter\u00edsticas Generales de la Serie BMP&#8221;][vc_column_text css=&#8221;.vc_custom_1650364779460{margin-bottom: 20px !important;}&#8221;] F\u00e1cilmente Transportado,\u00a0Gracias [&hellip;]<\/p>\n","protected":false},"author":1,"featured_media":0,"parent":9135,"menu_order":0,"comment_status":"closed","ping_status":"closed","template":"","meta":{"footnotes":""},"class_list":["post-9266","page","type-page","status-publish","hentry"],"yoast_head":"<!-- This site is optimized with the Yoast SEO Premium plugin v18.2.1 (Yoast SEO v27.5) - https:\/\/yoast.com\/product\/yoast-seo-premium-wordpress\/ -->\n<title>Distribuidor Rotativo - Spider Booms<\/title>\n<meta name=\"robots\" content=\"index, follow, max-snippet:-1, max-image-preview:large, max-video-preview:-1\" \/>\n<link rel=\"canonical\" href=\"https:\/\/spiderbooms.com\/es\/pluma-de-colocacion-de-hormigon\/distribuidor-rotativo\/\" \/>\n<meta property=\"og:locale\" content=\"es_ES\" \/>\n<meta property=\"og:type\" content=\"article\" \/>\n<meta property=\"og:title\" content=\"Distribuidor Rotativo\" \/>\n<meta property=\"og:description\" content=\"[vc_row css=&#8221;.vc_custom_1637578846052{margin-bottom: 80px !important;}&#8221;][vc_column width=&#8221;1\/2&#8243;][vc_single_image image=&#8221;7695&#8243; img_size=&#8221;500&#215;500&#8243; alignment=&#8221;center&#8221;][\/vc_column][vc_column width=&#8221;1\/2&#8243;][vc_custom_heading text=&#8221;Caracter\u00edsticas Generales de la Serie BMP&#8221;][vc_column_text css=&#8221;.vc_custom_1650364779460{margin-bottom: 20px !important;}&#8221;] F\u00e1cilmente Transportado,\u00a0Gracias [&hellip;]\" \/>\n<meta property=\"og:url\" content=\"https:\/\/spiderbooms.com\/es\/pluma-de-colocacion-de-hormigon\/distribuidor-rotativo\/\" \/>\n<meta property=\"og:site_name\" content=\"Spider Booms\" \/>\n<meta property=\"article:modified_time\" content=\"2023-01-17T14:26:38+00:00\" \/>\n<meta name=\"twitter:card\" content=\"summary_large_image\" \/>\n<meta name=\"twitter:label1\" content=\"Tiempo de lectura\" \/>\n\t<meta name=\"twitter:data1\" content=\"1 minuto\" \/>\n<script type=\"application\/ld+json\" class=\"yoast-schema-graph\">{\"@context\":\"https:\\\/\\\/schema.org\",\"@graph\":[{\"@type\":\"WebPage\",\"@id\":\"https:\\\/\\\/spiderbooms.com\\\/es\\\/pluma-de-colocacion-de-hormigon\\\/distribuidor-rotativo\\\/\",\"url\":\"https:\\\/\\\/spiderbooms.com\\\/es\\\/pluma-de-colocacion-de-hormigon\\\/distribuidor-rotativo\\\/\",\"name\":\"Distribuidor Rotativo - Spider Booms\",\"isPartOf\":{\"@id\":\"https:\\\/\\\/spiderbooms.com\\\/#website\"},\"datePublished\":\"2021-11-22T13:49:03+00:00\",\"dateModified\":\"2023-01-17T14:26:38+00:00\",\"breadcrumb\":{\"@id\":\"https:\\\/\\\/spiderbooms.com\\\/es\\\/pluma-de-colocacion-de-hormigon\\\/distribuidor-rotativo\\\/#breadcrumb\"},\"inLanguage\":\"es\",\"potentialAction\":[{\"@type\":\"ReadAction\",\"target\":[\"https:\\\/\\\/spiderbooms.com\\\/es\\\/pluma-de-colocacion-de-hormigon\\\/distribuidor-rotativo\\\/\"]}]},{\"@type\":\"BreadcrumbList\",\"@id\":\"https:\\\/\\\/spiderbooms.com\\\/es\\\/pluma-de-colocacion-de-hormigon\\\/distribuidor-rotativo\\\/#breadcrumb\",\"itemListElement\":[{\"@type\":\"ListItem\",\"position\":1,\"name\":\"Home\",\"item\":\"https:\\\/\\\/spiderbooms.com\\\/es\\\/\"},{\"@type\":\"ListItem\",\"position\":2,\"name\":\"Distribuidores de Hormig\u00f3n\",\"item\":\"https:\\\/\\\/spiderbooms.com\\\/es\\\/pluma-de-colocacion-de-hormigon\\\/\"},{\"@type\":\"ListItem\",\"position\":3,\"name\":\"Distribuidor Rotativo\"}]},{\"@type\":\"WebSite\",\"@id\":\"https:\\\/\\\/spiderbooms.com\\\/#website\",\"url\":\"https:\\\/\\\/spiderbooms.com\\\/\",\"name\":\"Spider Booms\",\"description\":\"The world&#039;s leading concrete distributor brand\",\"potentialAction\":[{\"@type\":\"SearchAction\",\"target\":{\"@type\":\"EntryPoint\",\"urlTemplate\":\"https:\\\/\\\/spiderbooms.com\\\/?s={search_term_string}\"},\"query-input\":{\"@type\":\"PropertyValueSpecification\",\"valueRequired\":true,\"valueName\":\"search_term_string\"}}],\"inLanguage\":\"es\"}]}<\/script>\n<!-- \/ Yoast SEO Premium plugin. -->","yoast_head_json":{"title":"Distribuidor Rotativo - Spider Booms","robots":{"index":"index","follow":"follow","max-snippet":"max-snippet:-1","max-image-preview":"max-image-preview:large","max-video-preview":"max-video-preview:-1"},"canonical":"https:\/\/spiderbooms.com\/es\/pluma-de-colocacion-de-hormigon\/distribuidor-rotativo\/","og_locale":"es_ES","og_type":"article","og_title":"Distribuidor Rotativo","og_description":"[vc_row css=&#8221;.vc_custom_1637578846052{margin-bottom: 80px !important;}&#8221;][vc_column width=&#8221;1\/2&#8243;][vc_single_image image=&#8221;7695&#8243; img_size=&#8221;500&#215;500&#8243; alignment=&#8221;center&#8221;][\/vc_column][vc_column width=&#8221;1\/2&#8243;][vc_custom_heading text=&#8221;Caracter\u00edsticas Generales de la Serie BMP&#8221;][vc_column_text css=&#8221;.vc_custom_1650364779460{margin-bottom: 20px !important;}&#8221;] F\u00e1cilmente Transportado,\u00a0Gracias [&hellip;]","og_url":"https:\/\/spiderbooms.com\/es\/pluma-de-colocacion-de-hormigon\/distribuidor-rotativo\/","og_site_name":"Spider Booms","article_modified_time":"2023-01-17T14:26:38+00:00","twitter_card":"summary_large_image","twitter_misc":{"Tiempo de lectura":"1 minuto"},"schema":{"@context":"https:\/\/schema.org","@graph":[{"@type":"WebPage","@id":"https:\/\/spiderbooms.com\/es\/pluma-de-colocacion-de-hormigon\/distribuidor-rotativo\/","url":"https:\/\/spiderbooms.com\/es\/pluma-de-colocacion-de-hormigon\/distribuidor-rotativo\/","name":"Distribuidor Rotativo - Spider Booms","isPartOf":{"@id":"https:\/\/spiderbooms.com\/#website"},"datePublished":"2021-11-22T13:49:03+00:00","dateModified":"2023-01-17T14:26:38+00:00","breadcrumb":{"@id":"https:\/\/spiderbooms.com\/es\/pluma-de-colocacion-de-hormigon\/distribuidor-rotativo\/#breadcrumb"},"inLanguage":"es","potentialAction":[{"@type":"ReadAction","target":["https:\/\/spiderbooms.com\/es\/pluma-de-colocacion-de-hormigon\/distribuidor-rotativo\/"]}]},{"@type":"BreadcrumbList","@id":"https:\/\/spiderbooms.com\/es\/pluma-de-colocacion-de-hormigon\/distribuidor-rotativo\/#breadcrumb","itemListElement":[{"@type":"ListItem","position":1,"name":"Home","item":"https:\/\/spiderbooms.com\/es\/"},{"@type":"ListItem","position":2,"name":"Distribuidores de Hormig\u00f3n","item":"https:\/\/spiderbooms.com\/es\/pluma-de-colocacion-de-hormigon\/"},{"@type":"ListItem","position":3,"name":"Distribuidor Rotativo"}]},{"@type":"WebSite","@id":"https:\/\/spiderbooms.com\/#website","url":"https:\/\/spiderbooms.com\/","name":"Spider Booms","description":"The world&#039;s leading concrete distributor brand","potentialAction":[{"@type":"SearchAction","target":{"@type":"EntryPoint","urlTemplate":"https:\/\/spiderbooms.com\/?s={search_term_string}"},"query-input":{"@type":"PropertyValueSpecification","valueRequired":true,"valueName":"search_term_string"}}],"inLanguage":"es"}]}},"_links":{"self":[{"href":"https:\/\/spiderbooms.com\/es\/wp-json\/wp\/v2\/pages\/9266","targetHints":{"allow":["GET"]}}],"collection":[{"href":"https:\/\/spiderbooms.com\/es\/wp-json\/wp\/v2\/pages"}],"about":[{"href":"https:\/\/spiderbooms.com\/es\/wp-json\/wp\/v2\/types\/page"}],"author":[{"embeddable":true,"href":"https:\/\/spiderbooms.com\/es\/wp-json\/wp\/v2\/users\/1"}],"replies":[{"embeddable":true,"href":"https:\/\/spiderbooms.com\/es\/wp-json\/wp\/v2\/comments?post=9266"}],"version-history":[{"count":10,"href":"https:\/\/spiderbooms.com\/es\/wp-json\/wp\/v2\/pages\/9266\/revisions"}],"predecessor-version":[{"id":9898,"href":"https:\/\/spiderbooms.com\/es\/wp-json\/wp\/v2\/pages\/9266\/revisions\/9898"}],"up":[{"embeddable":true,"href":"https:\/\/spiderbooms.com\/es\/wp-json\/wp\/v2\/pages\/9135"}],"wp:attachment":[{"href":"https:\/\/spiderbooms.com\/es\/wp-json\/wp\/v2\/media?parent=9266"}],"curies":[{"name":"wp","href":"https:\/\/api.w.org\/{rel}","templated":true}]}}