{"id":9267,"date":"2021-11-22T16:08:28","date_gmt":"2021-11-22T13:08:28","guid":{"rendered":"https:\/\/spiderbooms.com\/pluma-de-colocacion-de-hormigon\/wheeled-placing-boom\/"},"modified":"2023-01-18T09:51:27","modified_gmt":"2023-01-18T06:51:27","slug":"pluma-distribuidora-con-ruedas","status":"publish","type":"page","link":"https:\/\/spiderbooms.com\/es\/pluma-de-colocacion-de-hormigon\/pluma-distribuidora-con-ruedas\/","title":{"rendered":"Pluma Distribuidora Con Ruedas"},"content":{"rendered":"<div class=\"wpb-content-wrapper\"><p>[vc_row css=&#8221;.vc_custom_1637578846052{margin-bottom: 80px !important;}&#8221;][vc_column width=&#8221;1\/2&#8243;]<div class=\"video-container play-button-center\" ><img loading=\"lazy\" decoding=\"async\" width=\"1024\" height=\"1024\" src=\"https:\/\/spiderbooms.com\/wp-content\/uploads\/2022\/02\/bw-series-10.jpg\" class=\"attachment-full\" alt=\"\" title=\"bw-series-10\" srcset=\"https:\/\/spiderbooms.com\/wp-content\/uploads\/2022\/02\/bw-series-10.jpg 1024w, https:\/\/spiderbooms.com\/wp-content\/uploads\/2022\/02\/bw-series-10-300x300.jpg 300w, https:\/\/spiderbooms.com\/wp-content\/uploads\/2022\/02\/bw-series-10-150x150.jpg 150w, https:\/\/spiderbooms.com\/wp-content\/uploads\/2022\/02\/bw-series-10-768x768.jpg 768w, https:\/\/spiderbooms.com\/wp-content\/uploads\/2022\/02\/bw-series-10-320x320.jpg 320w, https:\/\/spiderbooms.com\/wp-content\/uploads\/2022\/02\/bw-series-10-800x800.jpg 800w\" sizes=\"auto, (max-width: 1024px) 100vw, 1024px\" \/><a data-toggle=\"modal\" data-target=\"#video-modal-kd-video-modal-69f3735324efc\" data-src=\"\" data-backdrop=\"true\" class=\"\"><span class=\"play-video\"><span class=\"fas fa-play\"><\/span><\/span><\/a><\/div><div class=\"modal fade video-modal\" id=\"video-modal-kd-video-modal-69f3735324efc\" role=\"dialog\">\n                            <div class=\"modal-content\">\n                            <button type=\"button\" class=\"close\" data-dismiss=\"modal\">\u00d7<\/button>\n                            <div class=\"row\"><video class=\"video-modal-local\" title=\"\" poster=\"\" height=\"400px\" controls>\n                              <source src=\"https:\/\/spiderbooms.com\/video\/bw21-kostarika_v3_en.mp4\" type=\"video\/mp4\"><img decoding=\"async\" alt=\"\" src=\"\" title=\"Video playback is not supported by your browser\" \/>\n                              <\/video><\/div>\n                            <\/div>\n                        <\/div>[\/vc_column][vc_column width=&#8221;1\/2&#8243;][vc_custom_heading text=&#8221;Caracter\u00edsticas Generales de la Serie BW 21&#8243;][vc_column_text]<\/p>\n<ul>\n<li>\u00a1La Innovaci\u00f3n en su Bomba de Hormig\u00f3n Estacionaria! \u00a1Convierte su Bomba Estacionaria en Bomba M\u00f3vil!<\/li>\n<li>F\u00e1cil de Transportar Gracias a su Estructura Modular<\/li>\n<li>Con el Sistema Remoto Inal\u00e1mbrico (Opcional)<\/li>\n<li>Opciones de Motor Diesel, Gasolina o El\u00e9ctrico<\/li>\n<li>La \u00danica Tracci\u00f3n en Las 4 Ruedas, Esparcidor Hidr\u00e1ulico en el Mundo!<\/li>\n<li>Hidrost\u00e1tica 4WD<\/li>\n<\/ul>\n<p>[\/vc_column_text][vc_custom_heading text=&#8221;Caracter\u00edsticas Generales de la Serie BW 24&#8243;][vc_column_text css=&#8221;.vc_custom_1650365432411{margin-bottom: 20px !important;}&#8221;]<\/p>\n<ul>\n<li>Hay un Control Remoto Inal\u00e1mbrico<\/li>\n<li>Motor Diesel<\/li>\n<li>Sin Lastre<\/li>\n<\/ul>\n<p>[\/vc_column_text]<a  href=\"https:\/\/spiderbooms.com\/pdf\/221015_bw_series_en.pdf\"  target=\"_blank\"  title=\"\" class=\"tt_button tt_primary_button btn_primary_color  pull-left button-action-link\" ><span class=\"prim_text\">Cat\u00e1logo de la Serie BW<\/span><\/a>[\/vc_column][\/vc_row][vc_row][vc_column width=&#8221;1\/4&#8243;][vc_single_image image=&#8221;9865&#8243; alignment=&#8221;center&#8221;][vc_custom_heading text=&#8221;BW 24&#8243; font_container=&#8221;tag:h3|text_align:center&#8221;][vc_column_text css=&#8221;.vc_custom_1666088750704{margin-bottom: 20px !important;}&#8221;]<\/p>\n<p style=\"text-align: center;\"><strong>Especificaciones Principales<\/strong><br \/>\n<strong><span class=\"tlid-translation translation\" lang=\"es\"><span class=\"alt-edited\" title=\"\">\u00c1rea Distribuci\u00f3n<\/span><\/span>:<\/strong> 1385 m\u00b2<br \/>\n<strong><span class=\"tlid-translation translation\" lang=\"es\"><span class=\"\" title=\"\">Di\u00e1metro de Distribuci\u00f3n<\/span><\/span>:<\/strong> 42 m<br \/>\n<strong><span class=\"tlid-translation translation\" lang=\"es\"><span class=\"alt-edited\" title=\"\">Alcance M\u00e1ximo Vertical<\/span><\/span>:<\/strong> 24 m<br \/>\n<strong><span class=\"tlid-translation translation\" lang=\"es\"><span class=\"\" title=\"\">Peso Operativo<\/span><\/span>:<\/strong> 12000 kg<\/p>\n<p>[\/vc_column_text][\/vc_column][vc_column width=&#8221;1\/4&#8243;][vc_single_image image=&#8221;9861&#8243; alignment=&#8221;center&#8221;][vc_custom_heading text=&#8221;BW 21&#8243; font_container=&#8221;tag:h3|text_align:center&#8221;][vc_column_text css=&#8221;.vc_custom_1666088766575{margin-bottom: 20px !important;}&#8221;]<\/p>\n<p style=\"text-align: center;\"><strong>Especificaciones Principales<\/strong><br \/>\n<strong><span class=\"tlid-translation translation\" lang=\"es\"><span class=\"alt-edited\" title=\"\">\u00c1rea Distribuci\u00f3n<\/span><\/span>:<\/strong> 1134 m\u00b2<br \/>\n<strong><span class=\"tlid-translation translation\" lang=\"es\"><span class=\"\" title=\"\">Di\u00e1metro de Distribuci\u00f3n<\/span><\/span>:<\/strong>\u00a038 m<br \/>\n<strong><span class=\"tlid-translation translation\" lang=\"es\"><span class=\"\" title=\"\">Peso Operativo<\/span><\/span>\u00a0(<span class=\"tlid-translation translation\" lang=\"es\"><span class=\"\" title=\"\">Incluyendo Lastre<\/span><\/span>):<\/strong> 9000 kg<br \/>\nRotaci\u00f3n Infinita de 360\u00b0<\/p>\n<p>[\/vc_column_text][\/vc_column][vc_column width=&#8221;1\/4&#8243;][vc_single_image image=&#8221;9861&#8243; alignment=&#8221;center&#8221;][vc_custom_heading text=&#8221;BW 19&#8243; font_container=&#8221;tag:h3|text_align:center&#8221;][vc_column_text css=&#8221;.vc_custom_1666088779119{margin-bottom: 20px !important;}&#8221;]<\/p>\n<p style=\"text-align: center;\"><strong>Especificaciones Principales<\/strong><br \/>\n<strong><span class=\"tlid-translation translation\" lang=\"es\"><span class=\"alt-edited\" title=\"\">\u00c1rea Distribuci\u00f3n<\/span><\/span>:<\/strong> 908 m\u00b2<br \/>\n<strong><span class=\"tlid-translation translation\" lang=\"es\"><span class=\"\" title=\"\">Di\u00e1metro de Distribuci\u00f3n<\/span><\/span>:<\/strong>\u00a034 m<br \/>\n<strong><span class=\"tlid-translation translation\" lang=\"es\"><span class=\"\" title=\"\">Peso Operativo (Incluyendo Lastre)<\/span><\/span>:<\/strong> 8500 kg<br \/>\nRotaci\u00f3n Infinita de 360\u00b0<\/p>\n<p>[\/vc_column_text][\/vc_column][vc_column width=&#8221;1\/4&#8243;][vc_single_image image=&#8221;9869&#8243; alignment=&#8221;center&#8221;][vc_custom_heading text=&#8221;BW 309&#8243; font_container=&#8221;tag:h3|text_align:center&#8221;][vc_column_text css=&#8221;.vc_custom_1666088791791{margin-bottom: 20px !important;}&#8221;]<\/p>\n<p style=\"text-align: center;\"><strong>Especificaciones Principales<\/strong><br \/>\n<strong><span class=\"tlid-translation translation\" lang=\"es\"><span class=\"alt-edited\" title=\"\">\u00c1rea Distribuci\u00f3n<\/span><\/span>:<\/strong> 254 m\u00b2<br \/>\n<strong><span class=\"tlid-translation translation\" lang=\"es\"><span class=\"\" title=\"\">Di\u00e1metro de Distribuci\u00f3n<\/span><\/span>:<\/strong>\u00a018 m<br \/>\n<strong><span class=\"tlid-translation translation\" lang=\"es\"><span class=\"\" title=\"\">Peso Operativo<\/span><\/span>:<\/strong> 2200 kg<br \/>\nRotaci\u00f3n Infinita de 360\u00b0<\/p>\n<p>[\/vc_column_text][\/vc_column][\/vc_row][vc_row full_width=&#8221;stretch_row&#8221; gap=&#8221;5&#8243;][vc_column][vc_empty_space][vc_custom_heading text=&#8221;Galer\u00eda de Fotos&#8221; font_container=&#8221;tag:h2|text_align:center&#8221; css=&#8221;.vc_custom_1650280120847{margin-top: 20px !important;}&#8221;][vc_media_grid element_width=&#8221;2&#8243; item=&#8221;masonryMedia_Default&#8221; grid_id=&#8221;vc_gid:1674024578942-4c625abe-2557-5&#8243; include=&#8221;7704,7705,7706,7708,7709,7710,7711,7712,7713,7714,7715,7716&#8243;][\/vc_column][\/vc_row]<\/p>\n<\/div>","protected":false},"excerpt":{"rendered":"<p>[vc_row css=&#8221;.vc_custom_1637578846052{margin-bottom: 80px !important;}&#8221;][vc_column width=&#8221;1\/2&#8243;][\/vc_column][vc_column width=&#8221;1\/2&#8243;][vc_custom_heading text=&#8221;Caracter\u00edsticas Generales de la Serie BW 21&#8243;][vc_column_text] \u00a1La Innovaci\u00f3n en su Bomba de Hormig\u00f3n [&hellip;]<\/p>\n","protected":false},"author":1,"featured_media":0,"parent":9135,"menu_order":0,"comment_status":"closed","ping_status":"closed","template":"","meta":{"footnotes":""},"class_list":["post-9267","page","type-page","status-publish","hentry"],"yoast_head":"<!-- This site is optimized with the Yoast SEO Premium plugin v18.2.1 (Yoast SEO v27.5) - https:\/\/yoast.com\/product\/yoast-seo-premium-wordpress\/ -->\n<title>Pluma Distribuidora Con Ruedas - Spider Booms<\/title>\n<meta name=\"robots\" content=\"index, follow, max-snippet:-1, max-image-preview:large, max-video-preview:-1\" \/>\n<link rel=\"canonical\" href=\"https:\/\/spiderbooms.com\/es\/pluma-de-colocacion-de-hormigon\/pluma-distribuidora-con-ruedas\/\" \/>\n<meta property=\"og:locale\" content=\"es_ES\" \/>\n<meta property=\"og:type\" content=\"article\" \/>\n<meta property=\"og:title\" content=\"Pluma Distribuidora Con Ruedas\" \/>\n<meta property=\"og:description\" content=\"[vc_row css=&#8221;.vc_custom_1637578846052{margin-bottom: 80px !important;}&#8221;][vc_column width=&#8221;1\/2&#8243;][\/vc_column][vc_column width=&#8221;1\/2&#8243;][vc_custom_heading text=&#8221;Caracter\u00edsticas Generales de la Serie BW 21&#8243;][vc_column_text] \u00a1La Innovaci\u00f3n en su Bomba de Hormig\u00f3n [&hellip;]\" \/>\n<meta property=\"og:url\" content=\"https:\/\/spiderbooms.com\/es\/pluma-de-colocacion-de-hormigon\/pluma-distribuidora-con-ruedas\/\" \/>\n<meta property=\"og:site_name\" content=\"Spider Booms\" \/>\n<meta property=\"article:modified_time\" content=\"2023-01-18T06:51:27+00:00\" \/>\n<meta name=\"twitter:card\" content=\"summary_large_image\" \/>\n<meta name=\"twitter:label1\" content=\"Tiempo de lectura\" \/>\n\t<meta name=\"twitter:data1\" content=\"2 minutos\" \/>\n<script type=\"application\/ld+json\" class=\"yoast-schema-graph\">{\"@context\":\"https:\\\/\\\/schema.org\",\"@graph\":[{\"@type\":\"WebPage\",\"@id\":\"https:\\\/\\\/spiderbooms.com\\\/es\\\/pluma-de-colocacion-de-hormigon\\\/pluma-distribuidora-con-ruedas\\\/\",\"url\":\"https:\\\/\\\/spiderbooms.com\\\/es\\\/pluma-de-colocacion-de-hormigon\\\/pluma-distribuidora-con-ruedas\\\/\",\"name\":\"Pluma Distribuidora Con Ruedas - Spider Booms\",\"isPartOf\":{\"@id\":\"https:\\\/\\\/spiderbooms.com\\\/#website\"},\"datePublished\":\"2021-11-22T13:08:28+00:00\",\"dateModified\":\"2023-01-18T06:51:27+00:00\",\"breadcrumb\":{\"@id\":\"https:\\\/\\\/spiderbooms.com\\\/es\\\/pluma-de-colocacion-de-hormigon\\\/pluma-distribuidora-con-ruedas\\\/#breadcrumb\"},\"inLanguage\":\"es\",\"potentialAction\":[{\"@type\":\"ReadAction\",\"target\":[\"https:\\\/\\\/spiderbooms.com\\\/es\\\/pluma-de-colocacion-de-hormigon\\\/pluma-distribuidora-con-ruedas\\\/\"]}]},{\"@type\":\"BreadcrumbList\",\"@id\":\"https:\\\/\\\/spiderbooms.com\\\/es\\\/pluma-de-colocacion-de-hormigon\\\/pluma-distribuidora-con-ruedas\\\/#breadcrumb\",\"itemListElement\":[{\"@type\":\"ListItem\",\"position\":1,\"name\":\"Home\",\"item\":\"https:\\\/\\\/spiderbooms.com\\\/es\\\/\"},{\"@type\":\"ListItem\",\"position\":2,\"name\":\"Distribuidores de Hormig\u00f3n\",\"item\":\"https:\\\/\\\/spiderbooms.com\\\/es\\\/pluma-de-colocacion-de-hormigon\\\/\"},{\"@type\":\"ListItem\",\"position\":3,\"name\":\"Pluma Distribuidora Con Ruedas\"}]},{\"@type\":\"WebSite\",\"@id\":\"https:\\\/\\\/spiderbooms.com\\\/#website\",\"url\":\"https:\\\/\\\/spiderbooms.com\\\/\",\"name\":\"Spider Booms\",\"description\":\"The world&#039;s leading concrete distributor brand\",\"potentialAction\":[{\"@type\":\"SearchAction\",\"target\":{\"@type\":\"EntryPoint\",\"urlTemplate\":\"https:\\\/\\\/spiderbooms.com\\\/?s={search_term_string}\"},\"query-input\":{\"@type\":\"PropertyValueSpecification\",\"valueRequired\":true,\"valueName\":\"search_term_string\"}}],\"inLanguage\":\"es\"}]}<\/script>\n<!-- \/ Yoast SEO Premium plugin. -->","yoast_head_json":{"title":"Pluma Distribuidora Con Ruedas - Spider Booms","robots":{"index":"index","follow":"follow","max-snippet":"max-snippet:-1","max-image-preview":"max-image-preview:large","max-video-preview":"max-video-preview:-1"},"canonical":"https:\/\/spiderbooms.com\/es\/pluma-de-colocacion-de-hormigon\/pluma-distribuidora-con-ruedas\/","og_locale":"es_ES","og_type":"article","og_title":"Pluma Distribuidora Con Ruedas","og_description":"[vc_row css=&#8221;.vc_custom_1637578846052{margin-bottom: 80px !important;}&#8221;][vc_column width=&#8221;1\/2&#8243;][\/vc_column][vc_column width=&#8221;1\/2&#8243;][vc_custom_heading text=&#8221;Caracter\u00edsticas Generales de la Serie BW 21&#8243;][vc_column_text] \u00a1La Innovaci\u00f3n en su Bomba de Hormig\u00f3n [&hellip;]","og_url":"https:\/\/spiderbooms.com\/es\/pluma-de-colocacion-de-hormigon\/pluma-distribuidora-con-ruedas\/","og_site_name":"Spider Booms","article_modified_time":"2023-01-18T06:51:27+00:00","twitter_card":"summary_large_image","twitter_misc":{"Tiempo de lectura":"2 minutos"},"schema":{"@context":"https:\/\/schema.org","@graph":[{"@type":"WebPage","@id":"https:\/\/spiderbooms.com\/es\/pluma-de-colocacion-de-hormigon\/pluma-distribuidora-con-ruedas\/","url":"https:\/\/spiderbooms.com\/es\/pluma-de-colocacion-de-hormigon\/pluma-distribuidora-con-ruedas\/","name":"Pluma Distribuidora Con Ruedas - Spider Booms","isPartOf":{"@id":"https:\/\/spiderbooms.com\/#website"},"datePublished":"2021-11-22T13:08:28+00:00","dateModified":"2023-01-18T06:51:27+00:00","breadcrumb":{"@id":"https:\/\/spiderbooms.com\/es\/pluma-de-colocacion-de-hormigon\/pluma-distribuidora-con-ruedas\/#breadcrumb"},"inLanguage":"es","potentialAction":[{"@type":"ReadAction","target":["https:\/\/spiderbooms.com\/es\/pluma-de-colocacion-de-hormigon\/pluma-distribuidora-con-ruedas\/"]}]},{"@type":"BreadcrumbList","@id":"https:\/\/spiderbooms.com\/es\/pluma-de-colocacion-de-hormigon\/pluma-distribuidora-con-ruedas\/#breadcrumb","itemListElement":[{"@type":"ListItem","position":1,"name":"Home","item":"https:\/\/spiderbooms.com\/es\/"},{"@type":"ListItem","position":2,"name":"Distribuidores de Hormig\u00f3n","item":"https:\/\/spiderbooms.com\/es\/pluma-de-colocacion-de-hormigon\/"},{"@type":"ListItem","position":3,"name":"Pluma Distribuidora Con Ruedas"}]},{"@type":"WebSite","@id":"https:\/\/spiderbooms.com\/#website","url":"https:\/\/spiderbooms.com\/","name":"Spider Booms","description":"The world&#039;s leading concrete distributor brand","potentialAction":[{"@type":"SearchAction","target":{"@type":"EntryPoint","urlTemplate":"https:\/\/spiderbooms.com\/?s={search_term_string}"},"query-input":{"@type":"PropertyValueSpecification","valueRequired":true,"valueName":"search_term_string"}}],"inLanguage":"es"}]}},"_links":{"self":[{"href":"https:\/\/spiderbooms.com\/es\/wp-json\/wp\/v2\/pages\/9267","targetHints":{"allow":["GET"]}}],"collection":[{"href":"https:\/\/spiderbooms.com\/es\/wp-json\/wp\/v2\/pages"}],"about":[{"href":"https:\/\/spiderbooms.com\/es\/wp-json\/wp\/v2\/types\/page"}],"author":[{"embeddable":true,"href":"https:\/\/spiderbooms.com\/es\/wp-json\/wp\/v2\/users\/1"}],"replies":[{"embeddable":true,"href":"https:\/\/spiderbooms.com\/es\/wp-json\/wp\/v2\/comments?post=9267"}],"version-history":[{"count":16,"href":"https:\/\/spiderbooms.com\/es\/wp-json\/wp\/v2\/pages\/9267\/revisions"}],"predecessor-version":[{"id":9903,"href":"https:\/\/spiderbooms.com\/es\/wp-json\/wp\/v2\/pages\/9267\/revisions\/9903"}],"up":[{"embeddable":true,"href":"https:\/\/spiderbooms.com\/es\/wp-json\/wp\/v2\/pages\/9135"}],"wp:attachment":[{"href":"https:\/\/spiderbooms.com\/es\/wp-json\/wp\/v2\/media?parent=9267"}],"curies":[{"name":"wp","href":"https:\/\/api.w.org\/{rel}","templated":true}]}}