{"id":9268,"date":"2021-11-20T10:43:18","date_gmt":"2021-11-20T07:43:18","guid":{"rendered":"https:\/\/spiderbooms.com\/pluma-de-colocacion-de-hormigon\/spider-boom\/"},"modified":"2023-01-17T17:31:57","modified_gmt":"2023-01-17T14:31:57","slug":"pluma-de-arana","status":"publish","type":"page","link":"https:\/\/spiderbooms.com\/es\/pluma-de-colocacion-de-hormigon\/pluma-de-arana\/","title":{"rendered":"Pluma de Ara\u00f1a"},"content":{"rendered":"<div class=\"wpb-content-wrapper\"><p>[vc_row css=&#8221;.vc_custom_1637578846052{margin-bottom: 80px !important;}&#8221;][vc_column width=&#8221;1\/2&#8243;]<div class=\"video-container play-button-center\" ><img loading=\"lazy\" decoding=\"async\" width=\"1024\" height=\"1024\" src=\"https:\/\/spiderbooms.com\/wp-content\/uploads\/2022\/02\/b-series-16.jpg\" class=\"attachment-full\" alt=\"\" title=\"b-series-16\" srcset=\"https:\/\/spiderbooms.com\/wp-content\/uploads\/2022\/02\/b-series-16.jpg 1024w, https:\/\/spiderbooms.com\/wp-content\/uploads\/2022\/02\/b-series-16-300x300.jpg 300w, https:\/\/spiderbooms.com\/wp-content\/uploads\/2022\/02\/b-series-16-150x150.jpg 150w, https:\/\/spiderbooms.com\/wp-content\/uploads\/2022\/02\/b-series-16-768x768.jpg 768w, https:\/\/spiderbooms.com\/wp-content\/uploads\/2022\/02\/b-series-16-320x320.jpg 320w, https:\/\/spiderbooms.com\/wp-content\/uploads\/2022\/02\/b-series-16-800x800.jpg 800w\" sizes=\"auto, (max-width: 1024px) 100vw, 1024px\" \/><a data-toggle=\"modal\" data-target=\"#video-modal-kd-video-modal-69f370e9da884\" data-src=\"\" data-backdrop=\"true\" class=\"\"><span class=\"play-video\"><span class=\"fas fa-play\"><\/span><\/span><\/a><\/div><div class=\"modal fade video-modal\" id=\"video-modal-kd-video-modal-69f370e9da884\" role=\"dialog\">\n                            <div class=\"modal-content\">\n                            <button type=\"button\" class=\"close\" data-dismiss=\"modal\">\u00d7<\/button>\n                            <div class=\"row\"><video class=\"video-modal-local\" title=\"\" poster=\"\" height=\"400px\" controls>\n                              <source src=\"https:\/\/spiderbooms.com\/video\/b18-podium-avm.mp4\" type=\"video\/mp4\"><img decoding=\"async\" alt=\"\" src=\"\" title=\"Video playback is not supported by your browser\" \/>\n                              <\/video><\/div>\n                            <\/div>\n                        <\/div>[\/vc_column][vc_column width=&#8221;1\/2&#8243;][vc_custom_heading text=&#8221;Caracter\u00edsticas Generales de la Serie B&#8221;][vc_column_text css=&#8221;.vc_custom_1650357771047{margin-bottom: 20px !important;}&#8221;]<\/p>\n<ul>\n<li><span class=\"tlid-translation translation\" lang=\"es\"><span class=\"\" title=\"\">La Pluma y el Chasis se Pueden Levantar y Mover Por Separado<\/span><\/span><\/li>\n<li><span class=\"tlid-translation translation\" lang=\"es\"><span class=\"\" title=\"\">Reduce el Costo de Colocar Concreto Con un Uso F\u00e1cil en Menos Tiempo<\/span><\/span><\/li>\n<li><span class=\"tlid-translation translation\" lang=\"es\"><span class=\"alt-edited\" title=\"\">Simplificada Split System Permite la Extracci\u00f3n de la Unidad de Soporte es Muy F\u00e1cil<\/span><\/span>.\u00a0<span class=\"tlid-translation translation\" lang=\"es\"><span class=\"\" title=\"\">Cuando la Capacidad de la Gr\u00faa es Limitada, la Pluma y el Chasis Desmontables se Pueden Levantar y Mover Por Separado<\/span><\/span><\/li>\n<li><span class=\"tlid-translation translation\" lang=\"es\"><span class=\"alt-edited\" title=\"\">Resulta Infinitamente, Utilizando el Sistema Central Giratorio \u00danico<\/span><\/span><\/li>\n<li><span class=\"tlid-translation translation\" lang=\"es\"><span class=\"\" title=\"\">M\u00e1s Ligero y M\u00e1s Fuerte en su Clase Gracias a la Estructura \u00danica<\/span><\/span><\/li>\n<li><span class=\"tlid-translation translation\" lang=\"es\"><span class=\"\" title=\"\">Soluci\u00f3n Ideal Para Hormigonado en Edificios de Gran Altura<\/span><\/span><\/li>\n<li><span class=\"tlid-translation translation\" lang=\"es\"><span class=\"\" title=\"\">F\u00e1cil Limpieza y Mantenimiento<\/span><\/span><\/li>\n<\/ul>\n<p>[\/vc_column_text]<a  href=\"https:\/\/spiderbooms.com\/pdf\/221015_b_series_en.pdf\"  target=\"_blank\"  title=\"\" class=\"tt_button tt_primary_button btn_primary_color hover_solid_secondary pull-left button-action-link\" ><span class=\"prim_text\">Cat\u00e1logo de la Serie B<\/span><\/a>[\/vc_column][\/vc_row][vc_row][vc_column width=&#8221;1\/3&#8243;][vc_single_image image=&#8221;9816&#8243; alignment=&#8221;center&#8221;][vc_custom_heading text=&#8221;B 21&#8243; font_container=&#8221;tag:h3|text_align:center&#8221;][vc_column_text css=&#8221;.vc_custom_1650283691590{margin-bottom: 20px !important;}&#8221;]<\/p>\n<p style=\"text-align: center;\"><strong>Especificaciones Principales<\/strong><br \/>\nPluma de 3 Elementos Con Marco de Cola Elevado<br \/>\n<strong>Alcance Horizontal de 21 m<\/strong><\/p>\n<p>[\/vc_column_text][\/vc_column][vc_column width=&#8221;1\/3&#8243;][vc_single_image image=&#8221;9820&#8243; alignment=&#8221;center&#8221;][vc_custom_heading text=&#8221;B 308 &#8211; 312 &#8211; 15 &#8211; 17 &#8211; 18&#8243; font_container=&#8221;tag:h3|text_align:center&#8221;][vc_column_text css=&#8221;.vc_custom_1650286326008{margin-bottom: 20px !important;}&#8221;]<\/p>\n<p style=\"text-align: center;\"><strong>Especificaciones Principales<\/strong><br \/>\nPluma de 3 Elementos<br \/>\n<strong>8 to 18 m A<span class=\"tlid-translation translation\" lang=\"es\"><span class=\"\" title=\"\">lcance Horizontal<\/span><\/span><\/strong><\/p>\n<p>[\/vc_column_text][\/vc_column][vc_column width=&#8221;1\/3&#8243;][vc_single_image image=&#8221;9824&#8243; alignment=&#8221;center&#8221;][vc_custom_heading text=&#8221;B 212&#8243; font_container=&#8221;tag:h3|text_align:center&#8221;][vc_column_text css=&#8221;.vc_custom_1650286332439{margin-bottom: 20px !important;}&#8221;]<\/p>\n<p style=\"text-align: center;\"><strong>Especificaciones Principales<\/strong><br \/>\nPluma de 3 Elementos<br \/>\n<strong>8 to 18 m A<span class=\"tlid-translation translation\" lang=\"es\"><span class=\"\" title=\"\">lcance Horizontal<\/span><\/span><\/strong><\/p>\n<p>[\/vc_column_text][\/vc_column][\/vc_row][vc_row css=&#8221;.vc_custom_1637576008203{margin-top: 20px !important;}&#8221;][vc_column][vc_custom_heading text=&#8221;Opciones&#8221; font_container=&#8221;tag:h2|text_align:center&#8221; css=&#8221;.vc_custom_1650286260929{margin-top: 20px !important;}&#8221;][\/vc_column][\/vc_row][vc_row css=&#8221;.vc_custom_1637585227970{margin-top: 20px !important;margin-bottom: 20px !important;}&#8221;][vc_column][vc_custom_heading text=&#8221;Opciones de Carro de 4 Ruedas&#8221; font_container=&#8221;tag:h3|font_size:24|text_align:left&#8221;][vc_row_inner][vc_column_inner width=&#8221;1\/3&#8243;][vc_single_image image=&#8221;9828&#8243; img_size=&#8221;400&#215;400&#8243;][\/vc_column_inner][vc_column_inner width=&#8221;2\/3&#8243;][vc_column_text]<\/p>\n<ul>\n<li><span class=\"tlid-translation translation\" lang=\"es\"><span class=\"\" title=\"\">Con o Sin Tracci\u00f3n<\/span><\/span><\/li>\n<li><span class=\"tlid-translation translation\" lang=\"es\"><span class=\"\" title=\"\">Estabilizadores Hidr\u00e1ulicos<\/span><\/span><\/li>\n<li><span class=\"tlid-translation translation\" lang=\"es\"><span class=\"\" title=\"\">Control Remoto Para Auto-Viaje y Direcci\u00f3n<\/span><\/span><\/li>\n<\/ul>\n<p>[\/vc_column_text][vc_gallery type=&#8221;image_grid&#8221; images=&#8221;9832,9836,9828&#8243; img_size=&#8221;250&#215;250&#8243; css=&#8221;.vc_custom_1673965768337{margin-top: 20px !important;margin-left: 20px !important;}&#8221;][\/vc_column_inner][\/vc_row_inner][\/vc_column][\/vc_row][vc_row css=&#8221;.vc_custom_1637577831440{margin-top: 20px !important;margin-bottom: 20px !important;}&#8221;][vc_column][vc_custom_heading text=&#8221;Opciones de Torre de Elevaci\u00f3n<br \/>\n<small>Soluciones de Dise\u00f1o Est\u00e1ndar o Personalizadas<\/small>&#8221; font_container=&#8221;tag:h3|font_size:24|text_align:left&#8221;][vc_row_inner css=&#8221;.vc_custom_1637577617407{margin-top: 20px !important;margin-bottom: 20px !important;}&#8221;][vc_column_inner width=&#8221;1\/4&#8243;][vc_single_image image=&#8221;9848&#8243; img_size=&#8221;300&#215;300&#8243;][\/vc_column_inner][vc_column_inner width=&#8221;1\/4&#8243;][vc_single_image image=&#8221;9844&#8243; img_size=&#8221;200&#215;200&#8243; alignment=&#8221;center&#8221; css=&#8221;.vc_custom_1673965816049{margin-bottom: 20px !important;}&#8221;][vc_column_text css=&#8221;.vc_custom_1666088396342{margin-top: 10px !important;}&#8221;]<\/p>\n<p class=\"sppb-addon-title\" style=\"text-align: center;\"><strong>Estabilizadores Est\u00e1ndar <\/strong>(De Pie)<\/p>\n<p>[\/vc_column_text][\/vc_column_inner][vc_column_inner width=&#8221;1\/4&#8243;][vc_single_image image=&#8221;9856&#8243; img_size=&#8221;200&#215;200&#8243; alignment=&#8221;center&#8221; css=&#8221;.vc_custom_1673965789820{margin-bottom: 20px !important;}&#8221;][vc_column_text css=&#8221;.vc_custom_1666088385079{margin-top: 10px !important;}&#8221;]<\/p>\n<p class=\"sppb-addon-title\" style=\"text-align: center;\"><strong>Estabilizadores Cortos con Pesas de Lastre <\/strong>(De Pie)<\/p>\n<p>[\/vc_column_text][\/vc_column_inner][vc_column_inner width=&#8221;1\/4&#8243;][vc_single_image image=&#8221;9852&#8243; img_size=&#8221;200&#215;200&#8243; alignment=&#8221;center&#8221; css=&#8221;.vc_custom_1673965829611{margin-bottom: 20px !important;}&#8221;][vc_column_text css=&#8221;.vc_custom_1666088403654{margin-top: 10px !important;}&#8221;]<\/p>\n<p class=\"sppb-addon-title\" style=\"text-align: center;\"><strong>Base de la Torre Anclada a Cubierta <\/strong>(Anclada)<\/p>\n<p>[\/vc_column_text][\/vc_column_inner][\/vc_row_inner][\/vc_column][\/vc_row][vc_row][vc_column][vc_custom_heading text=&#8221;Accesorios&#8221; font_container=&#8221;tag:h2|text_align:center&#8221; css=&#8221;.vc_custom_1650358190464{margin-top: 20px !important;}&#8221;][\/vc_column][\/vc_row][vc_row][vc_column width=&#8221;1\/3&#8243;][vc_single_image image=&#8221;9773&#8243; alignment=&#8221;center&#8221;][vc_column_text]<\/p>\n<p style=\"text-align: center;\"><strong>V\u00e1lvulas de Desviaci\u00f3n Hidr\u00e1ulicos<\/strong><br \/>\n(con bomba de mano y\/o conexi\u00f3n de la l\u00ednea hidr\u00e1ulica externa)<\/p>\n<p>[\/vc_column_text][\/vc_column][vc_column width=&#8221;1\/3&#8243;][vc_single_image image=&#8221;9777&#8243; alignment=&#8221;center&#8221;][vc_column_text]<\/p>\n<p style=\"text-align: center;\"><strong>Paquetes de Energ\u00eda Para V\u00e1lvulas de Desv\u00edo<\/strong><br \/>\n(<span class=\"tlid-translation translation\" lang=\"es\"><span class=\"\" title=\"\">accionado el\u00e9ctrico o diesel<\/span><\/span>)<\/p>\n<p>[\/vc_column_text][\/vc_column][vc_column width=&#8221;1\/3&#8243;][vc_single_image image=&#8221;9783&#8243; alignment=&#8221;center&#8221;][vc_column_text]<\/p>\n<p style=\"text-align: center;\"><strong>Tijeras de Tuber\u00edas<\/strong><br \/>\n(conexi\u00f3n de la tuber\u00eda encofrado deslizante)<\/p>\n<p>[\/vc_column_text][\/vc_column][\/vc_row][vc_row full_width=&#8221;stretch_row&#8221; gap=&#8221;5&#8243;][vc_column][vc_empty_space][vc_custom_heading text=&#8221;Galer\u00eda de Fotos&#8221; font_container=&#8221;tag:h2|text_align:center&#8221; css=&#8221;.vc_custom_1650279998910{margin-top: 20px !important;}&#8221;][vc_media_grid element_width=&#8221;2&#8243; item=&#8221;masonryMedia_Default&#8221; grid_id=&#8221;vc_gid:1673965683253-1734697c-79d5-4&#8243; include=&#8221;7649,7650,7651,7652,7653,7654,7655,7656,7657,7658,7659,7660,7661,7662,7663,7664,7665,7666,7667,7668,7669,7670,7671,7672&#8243;][\/vc_column][\/vc_row]<\/p>\n<\/div>","protected":false},"excerpt":{"rendered":"<p>[vc_row css=&#8221;.vc_custom_1637578846052{margin-bottom: 80px !important;}&#8221;][vc_column width=&#8221;1\/2&#8243;][\/vc_column][vc_column width=&#8221;1\/2&#8243;][vc_custom_heading text=&#8221;Caracter\u00edsticas Generales de la Serie B&#8221;][vc_column_text css=&#8221;.vc_custom_1650357771047{margin-bottom: 20px !important;}&#8221;] La Pluma y el Chasis [&hellip;]<\/p>\n","protected":false},"author":1,"featured_media":0,"parent":9135,"menu_order":0,"comment_status":"closed","ping_status":"closed","template":"","meta":{"footnotes":""},"class_list":["post-9268","page","type-page","status-publish","hentry"],"yoast_head":"<!-- This site is optimized with the Yoast SEO Premium plugin v18.2.1 (Yoast SEO v27.5) - https:\/\/yoast.com\/product\/yoast-seo-premium-wordpress\/ -->\n<title>Pluma de Ara\u00f1a - Spider Booms<\/title>\n<meta name=\"robots\" content=\"index, follow, max-snippet:-1, max-image-preview:large, max-video-preview:-1\" \/>\n<link rel=\"canonical\" href=\"https:\/\/spiderbooms.com\/es\/pluma-de-colocacion-de-hormigon\/pluma-de-arana\/\" \/>\n<meta property=\"og:locale\" content=\"es_ES\" \/>\n<meta property=\"og:type\" content=\"article\" \/>\n<meta property=\"og:title\" content=\"Pluma de Ara\u00f1a\" \/>\n<meta property=\"og:description\" content=\"[vc_row css=&#8221;.vc_custom_1637578846052{margin-bottom: 80px !important;}&#8221;][vc_column width=&#8221;1\/2&#8243;][\/vc_column][vc_column width=&#8221;1\/2&#8243;][vc_custom_heading text=&#8221;Caracter\u00edsticas Generales de la Serie B&#8221;][vc_column_text css=&#8221;.vc_custom_1650357771047{margin-bottom: 20px !important;}&#8221;] La Pluma y el Chasis [&hellip;]\" \/>\n<meta property=\"og:url\" content=\"https:\/\/spiderbooms.com\/es\/pluma-de-colocacion-de-hormigon\/pluma-de-arana\/\" \/>\n<meta property=\"og:site_name\" content=\"Spider Booms\" \/>\n<meta property=\"article:modified_time\" content=\"2023-01-17T14:31:57+00:00\" \/>\n<meta name=\"twitter:card\" content=\"summary_large_image\" \/>\n<meta name=\"twitter:label1\" content=\"Tiempo de lectura\" \/>\n\t<meta name=\"twitter:data1\" content=\"3 minutos\" \/>\n<script type=\"application\/ld+json\" class=\"yoast-schema-graph\">{\"@context\":\"https:\\\/\\\/schema.org\",\"@graph\":[{\"@type\":\"WebPage\",\"@id\":\"https:\\\/\\\/spiderbooms.com\\\/es\\\/pluma-de-colocacion-de-hormigon\\\/pluma-de-arana\\\/\",\"url\":\"https:\\\/\\\/spiderbooms.com\\\/es\\\/pluma-de-colocacion-de-hormigon\\\/pluma-de-arana\\\/\",\"name\":\"Pluma de Ara\u00f1a - Spider Booms\",\"isPartOf\":{\"@id\":\"https:\\\/\\\/spiderbooms.com\\\/#website\"},\"datePublished\":\"2021-11-20T07:43:18+00:00\",\"dateModified\":\"2023-01-17T14:31:57+00:00\",\"breadcrumb\":{\"@id\":\"https:\\\/\\\/spiderbooms.com\\\/es\\\/pluma-de-colocacion-de-hormigon\\\/pluma-de-arana\\\/#breadcrumb\"},\"inLanguage\":\"es\",\"potentialAction\":[{\"@type\":\"ReadAction\",\"target\":[\"https:\\\/\\\/spiderbooms.com\\\/es\\\/pluma-de-colocacion-de-hormigon\\\/pluma-de-arana\\\/\"]}]},{\"@type\":\"BreadcrumbList\",\"@id\":\"https:\\\/\\\/spiderbooms.com\\\/es\\\/pluma-de-colocacion-de-hormigon\\\/pluma-de-arana\\\/#breadcrumb\",\"itemListElement\":[{\"@type\":\"ListItem\",\"position\":1,\"name\":\"Home\",\"item\":\"https:\\\/\\\/spiderbooms.com\\\/es\\\/\"},{\"@type\":\"ListItem\",\"position\":2,\"name\":\"Distribuidores de Hormig\u00f3n\",\"item\":\"https:\\\/\\\/spiderbooms.com\\\/es\\\/pluma-de-colocacion-de-hormigon\\\/\"},{\"@type\":\"ListItem\",\"position\":3,\"name\":\"Pluma de Ara\u00f1a\"}]},{\"@type\":\"WebSite\",\"@id\":\"https:\\\/\\\/spiderbooms.com\\\/#website\",\"url\":\"https:\\\/\\\/spiderbooms.com\\\/\",\"name\":\"Spider Booms\",\"description\":\"The world&#039;s leading concrete distributor brand\",\"potentialAction\":[{\"@type\":\"SearchAction\",\"target\":{\"@type\":\"EntryPoint\",\"urlTemplate\":\"https:\\\/\\\/spiderbooms.com\\\/?s={search_term_string}\"},\"query-input\":{\"@type\":\"PropertyValueSpecification\",\"valueRequired\":true,\"valueName\":\"search_term_string\"}}],\"inLanguage\":\"es\"}]}<\/script>\n<!-- \/ Yoast SEO Premium plugin. -->","yoast_head_json":{"title":"Pluma de Ara\u00f1a - Spider Booms","robots":{"index":"index","follow":"follow","max-snippet":"max-snippet:-1","max-image-preview":"max-image-preview:large","max-video-preview":"max-video-preview:-1"},"canonical":"https:\/\/spiderbooms.com\/es\/pluma-de-colocacion-de-hormigon\/pluma-de-arana\/","og_locale":"es_ES","og_type":"article","og_title":"Pluma de Ara\u00f1a","og_description":"[vc_row css=&#8221;.vc_custom_1637578846052{margin-bottom: 80px !important;}&#8221;][vc_column width=&#8221;1\/2&#8243;][\/vc_column][vc_column width=&#8221;1\/2&#8243;][vc_custom_heading text=&#8221;Caracter\u00edsticas Generales de la Serie B&#8221;][vc_column_text css=&#8221;.vc_custom_1650357771047{margin-bottom: 20px !important;}&#8221;] La Pluma y el Chasis [&hellip;]","og_url":"https:\/\/spiderbooms.com\/es\/pluma-de-colocacion-de-hormigon\/pluma-de-arana\/","og_site_name":"Spider Booms","article_modified_time":"2023-01-17T14:31:57+00:00","twitter_card":"summary_large_image","twitter_misc":{"Tiempo de lectura":"3 minutos"},"schema":{"@context":"https:\/\/schema.org","@graph":[{"@type":"WebPage","@id":"https:\/\/spiderbooms.com\/es\/pluma-de-colocacion-de-hormigon\/pluma-de-arana\/","url":"https:\/\/spiderbooms.com\/es\/pluma-de-colocacion-de-hormigon\/pluma-de-arana\/","name":"Pluma de Ara\u00f1a - Spider Booms","isPartOf":{"@id":"https:\/\/spiderbooms.com\/#website"},"datePublished":"2021-11-20T07:43:18+00:00","dateModified":"2023-01-17T14:31:57+00:00","breadcrumb":{"@id":"https:\/\/spiderbooms.com\/es\/pluma-de-colocacion-de-hormigon\/pluma-de-arana\/#breadcrumb"},"inLanguage":"es","potentialAction":[{"@type":"ReadAction","target":["https:\/\/spiderbooms.com\/es\/pluma-de-colocacion-de-hormigon\/pluma-de-arana\/"]}]},{"@type":"BreadcrumbList","@id":"https:\/\/spiderbooms.com\/es\/pluma-de-colocacion-de-hormigon\/pluma-de-arana\/#breadcrumb","itemListElement":[{"@type":"ListItem","position":1,"name":"Home","item":"https:\/\/spiderbooms.com\/es\/"},{"@type":"ListItem","position":2,"name":"Distribuidores de Hormig\u00f3n","item":"https:\/\/spiderbooms.com\/es\/pluma-de-colocacion-de-hormigon\/"},{"@type":"ListItem","position":3,"name":"Pluma de Ara\u00f1a"}]},{"@type":"WebSite","@id":"https:\/\/spiderbooms.com\/#website","url":"https:\/\/spiderbooms.com\/","name":"Spider Booms","description":"The world&#039;s leading concrete distributor brand","potentialAction":[{"@type":"SearchAction","target":{"@type":"EntryPoint","urlTemplate":"https:\/\/spiderbooms.com\/?s={search_term_string}"},"query-input":{"@type":"PropertyValueSpecification","valueRequired":true,"valueName":"search_term_string"}}],"inLanguage":"es"}]}},"_links":{"self":[{"href":"https:\/\/spiderbooms.com\/es\/wp-json\/wp\/v2\/pages\/9268","targetHints":{"allow":["GET"]}}],"collection":[{"href":"https:\/\/spiderbooms.com\/es\/wp-json\/wp\/v2\/pages"}],"about":[{"href":"https:\/\/spiderbooms.com\/es\/wp-json\/wp\/v2\/types\/page"}],"author":[{"embeddable":true,"href":"https:\/\/spiderbooms.com\/es\/wp-json\/wp\/v2\/users\/1"}],"replies":[{"embeddable":true,"href":"https:\/\/spiderbooms.com\/es\/wp-json\/wp\/v2\/comments?post=9268"}],"version-history":[{"count":26,"href":"https:\/\/spiderbooms.com\/es\/wp-json\/wp\/v2\/pages\/9268\/revisions"}],"predecessor-version":[{"id":9901,"href":"https:\/\/spiderbooms.com\/es\/wp-json\/wp\/v2\/pages\/9268\/revisions\/9901"}],"up":[{"embeddable":true,"href":"https:\/\/spiderbooms.com\/es\/wp-json\/wp\/v2\/pages\/9135"}],"wp:attachment":[{"href":"https:\/\/spiderbooms.com\/es\/wp-json\/wp\/v2\/media?parent=9268"}],"curies":[{"name":"wp","href":"https:\/\/api.w.org\/{rel}","templated":true}]}}