{"id":9665,"date":"2019-04-24T12:52:16","date_gmt":"2019-04-24T09:52:16","guid":{"rendered":"https:\/\/spiderbooms.com\/home-corporate-2\/"},"modified":"2023-01-18T10:31:22","modified_gmt":"2023-01-18T07:31:22","slug":"home-corporate-2","status":"publish","type":"page","link":"https:\/\/spiderbooms.com\/es\/","title":{"rendered":"Inicio"},"content":{"rendered":"<div class=\"wpb-content-wrapper\"><p>[vc_row el_class=&#8221;under-menu-topbar&#8221;][vc_column][rev_slider_vc alias=&#8221;spider-booms-slider_en-1&#8243;][\/vc_column][\/vc_row][vc_row full_width=&#8221;stretch_row&#8221; css=&#8221;.vc_custom_1550594255704{padding-top: 130px !important;background-color: #f6f6f6 !important;}&#8221;][vc_column css=&#8221;.vc_custom_1516008777154{padding-right: 0px !important;padding-left: 0px !important;}&#8221;][vc_row_inner][vc_column_inner]<header class=\"kd-section-title vc_col-lg-6 vc_col-sm-8 text-center  kd-animated fadeIn   vc_custom_1651069203869\" data-animation-delay=200><h2 class=\"separator_off\" >Distribuidores de Hormig\u00f3n<\/h2><\/header>[\/vc_column_inner][\/vc_row_inner][vc_row_inner css=&#8221;.vc_custom_1651055979814{padding-bottom: 60px !important;}&#8221;][vc_column_inner width=&#8221;1\/4&#8243;]<div class=\"key-icon-box icon-default icon-top cont-center ib-hover-1  kd-animated fadeInUp\" style=\"background-color: #ffffff;\" ><a href=\"https:\/\/spiderbooms.com\/es\/pluma-de-colocacion-de-hormigon\/pluma-de-arana\/\" target=\"\"><div class=\"ib-wrapper\"><div class=\"tt-iconbox-customimg img_medium_size\"><img loading=\"lazy\" decoding=\"async\" width=\"512\" height=\"512\" src=\"https:\/\/spiderbooms.com\/wp-content\/uploads\/2023\/01\/ikon_b21.png\" class=\"attachment-full\" alt=\"\" title=\"ikon_b21\" srcset=\"https:\/\/spiderbooms.com\/wp-content\/uploads\/2023\/01\/ikon_b21.png 512w, https:\/\/spiderbooms.com\/wp-content\/uploads\/2023\/01\/ikon_b21-300x300.png 300w, https:\/\/spiderbooms.com\/wp-content\/uploads\/2023\/01\/ikon_b21-150x150.png 150w, https:\/\/spiderbooms.com\/wp-content\/uploads\/2023\/01\/ikon_b21-320x320.png 320w\" sizes=\"auto, (max-width: 512px) 100vw, 512px\" \/><\/div><h5 class=\"service-heading\" >Serie B<\/h5><\/div><\/a><\/div>[\/vc_column_inner][vc_column_inner width=&#8221;1\/4&#8243;]<div class=\"key-icon-box icon-default icon-top cont-center ib-hover-1  kd-animated fadeInUp\" style=\"background-color: #ffffff;\" data-animation-delay=200><a href=\"https:\/\/spiderbooms.com\/es\/pluma-de-colocacion-de-hormigon\/pluma-de-colocacion-del-mastil\/\" target=\"\"><div class=\"ib-wrapper\"><div class=\"tt-iconbox-customimg img_medium_size\"><img loading=\"lazy\" decoding=\"async\" width=\"512\" height=\"512\" src=\"https:\/\/spiderbooms.com\/wp-content\/uploads\/2023\/01\/ikon_m32.png\" class=\"attachment-full\" alt=\"\" title=\"ikon_m32\" srcset=\"https:\/\/spiderbooms.com\/wp-content\/uploads\/2023\/01\/ikon_m32.png 512w, https:\/\/spiderbooms.com\/wp-content\/uploads\/2023\/01\/ikon_m32-300x300.png 300w, https:\/\/spiderbooms.com\/wp-content\/uploads\/2023\/01\/ikon_m32-150x150.png 150w, https:\/\/spiderbooms.com\/wp-content\/uploads\/2023\/01\/ikon_m32-320x320.png 320w\" sizes=\"auto, (max-width: 512px) 100vw, 512px\" \/><\/div><h5 class=\"service-heading\" >Serie M<\/h5><\/div><\/a><\/div>[\/vc_column_inner][vc_column_inner width=&#8221;1\/4&#8243;]<div class=\"key-icon-box icon-default icon-top cont-center ib-hover-1  kd-animated fadeInUp\" style=\"background-color: #ffffff;\" data-animation-delay=400><a href=\"https:\/\/spiderbooms.com\/es\/pluma-de-colocacion-de-hormigon\/pluma-distribuidora-con-ruedas\/\" target=\"\"><div class=\"ib-wrapper\"><div class=\"tt-iconbox-customimg img_medium_size\"><img loading=\"lazy\" decoding=\"async\" width=\"512\" height=\"512\" src=\"https:\/\/spiderbooms.com\/wp-content\/uploads\/2023\/01\/ikon_bw24.png\" class=\"attachment-full\" alt=\"\" title=\"ikon_bw24\" srcset=\"https:\/\/spiderbooms.com\/wp-content\/uploads\/2023\/01\/ikon_bw24.png 512w, https:\/\/spiderbooms.com\/wp-content\/uploads\/2023\/01\/ikon_bw24-300x300.png 300w, https:\/\/spiderbooms.com\/wp-content\/uploads\/2023\/01\/ikon_bw24-150x150.png 150w, https:\/\/spiderbooms.com\/wp-content\/uploads\/2023\/01\/ikon_bw24-320x320.png 320w\" sizes=\"auto, (max-width: 512px) 100vw, 512px\" \/><\/div><h5 class=\"service-heading\" >Serie BW<\/h5><\/div><\/a><\/div>[\/vc_column_inner][vc_column_inner width=&#8221;1\/4&#8243;]<div class=\"key-icon-box icon-default icon-top cont-center ib-hover-1  kd-animated fadeInUp\" style=\"background-color: #ffffff;\" data-animation-delay=800><a href=\"https:\/\/spiderbooms.com\/es\/pluma-de-colocacion-de-hormigon\/mini-distribuidor-sobre-carro\/\" target=\"\"><div class=\"ib-wrapper\"><div class=\"tt-iconbox-customimg img_medium_size\"><img loading=\"lazy\" decoding=\"async\" width=\"512\" height=\"512\" src=\"https:\/\/spiderbooms.com\/wp-content\/uploads\/2023\/01\/ikon_ps07_2.png\" class=\"attachment-full\" alt=\"\" title=\"ikon_ps07_2\" srcset=\"https:\/\/spiderbooms.com\/wp-content\/uploads\/2023\/01\/ikon_ps07_2.png 512w, https:\/\/spiderbooms.com\/wp-content\/uploads\/2023\/01\/ikon_ps07_2-300x300.png 300w, https:\/\/spiderbooms.com\/wp-content\/uploads\/2023\/01\/ikon_ps07_2-150x150.png 150w, https:\/\/spiderbooms.com\/wp-content\/uploads\/2023\/01\/ikon_ps07_2-320x320.png 320w\" sizes=\"auto, (max-width: 512px) 100vw, 512px\" \/><\/div><h5 class=\"service-heading\" >Serie PS<\/h5><\/div><\/a><\/div>[\/vc_column_inner][\/vc_row_inner][vc_row_inner][vc_column_inner]<header class=\"kd-section-title vc_col-lg-6 vc_col-sm-8 text-center  kd-animated fadeIn   vc_custom_1651069178766\" data-animation-delay=200><h2 class=\"separator_off\" >Bombas de Hormig\u00f3n<\/h2><\/header>[\/vc_column_inner][\/vc_row_inner][vc_row_inner css=&#8221;.vc_custom_1550594307550{padding-bottom: 60px !important;}&#8221;][vc_column_inner width=&#8221;1\/4&#8243;][\/vc_column_inner][vc_column_inner width=&#8221;1\/4&#8243;]<div class=\"key-icon-box icon-default icon-top cont-center ib-hover-1  kd-animated fadeInUp\" style=\"background-color: #ffffff;\" ><a href=\"https:\/\/spiderbooms.com\/es\/bombas-de-hormigon\/bomba-de-hormigon-scorpion\/\" target=\"\"><div class=\"ib-wrapper\"><div class=\"tt-iconbox-customimg img_medium_size\"><img loading=\"lazy\" decoding=\"async\" width=\"512\" height=\"512\" src=\"https:\/\/spiderbooms.com\/wp-content\/uploads\/2023\/01\/ikon_scp24.png\" class=\"attachment-full\" alt=\"\" title=\"ikon_scp24\" srcset=\"https:\/\/spiderbooms.com\/wp-content\/uploads\/2023\/01\/ikon_scp24.png 512w, https:\/\/spiderbooms.com\/wp-content\/uploads\/2023\/01\/ikon_scp24-300x300.png 300w, https:\/\/spiderbooms.com\/wp-content\/uploads\/2023\/01\/ikon_scp24-150x150.png 150w, https:\/\/spiderbooms.com\/wp-content\/uploads\/2023\/01\/ikon_scp24-320x320.png 320w\" sizes=\"auto, (max-width: 512px) 100vw, 512px\" \/><\/div><h5 class=\"service-heading\" >Serie SCP<\/h5><\/div><\/a><\/div>[\/vc_column_inner][vc_column_inner width=&#8221;1\/4&#8243;]<div class=\"key-icon-box icon-default icon-top cont-center ib-hover-1  kd-animated fadeInUp\" style=\"background-color: #ffffff;\" data-animation-delay=200><a href=\"https:\/\/spiderbooms.com\/es\/bombas-de-hormigon\/bombas-de-hormigon-estacionarias\/\" target=\"\"><div class=\"ib-wrapper\"><div class=\"tt-iconbox-customimg img_medium_size\"><img loading=\"lazy\" decoding=\"async\" width=\"512\" height=\"512\" src=\"https:\/\/spiderbooms.com\/wp-content\/uploads\/2023\/01\/ikon_cp_2.png\" class=\"attachment-full\" alt=\"\" title=\"ikon_cp_2\" srcset=\"https:\/\/spiderbooms.com\/wp-content\/uploads\/2023\/01\/ikon_cp_2.png 512w, https:\/\/spiderbooms.com\/wp-content\/uploads\/2023\/01\/ikon_cp_2-300x300.png 300w, https:\/\/spiderbooms.com\/wp-content\/uploads\/2023\/01\/ikon_cp_2-150x150.png 150w, https:\/\/spiderbooms.com\/wp-content\/uploads\/2023\/01\/ikon_cp_2-320x320.png 320w\" sizes=\"auto, (max-width: 512px) 100vw, 512px\" \/><\/div><h5 class=\"service-heading\" >Serie CP<\/h5><\/div><\/a><\/div>[\/vc_column_inner][vc_column_inner width=&#8221;1\/4&#8243;][\/vc_column_inner][\/vc_row_inner][\/vc_column][\/vc_row][vc_row full_width=&#8221;stretch_row&#8221;][vc_column][vc_row_inner css=&#8221;.vc_custom_1553776229057{padding-top: 97px !important;padding-bottom: 97px !important;}&#8221;][vc_column_inner css=&#8221;.vc_custom_1541419127566{padding-right: 45px !important;padding-left: 0px !important;}&#8221; offset=&#8221;vc_col-lg-6&#8243;]<div class=\"video-container play-button-center\" ><img loading=\"lazy\" decoding=\"async\" width=\"1024\" height=\"1024\" src=\"https:\/\/spiderbooms.com\/wp-content\/uploads\/2022\/02\/scp-series-19.jpg\" class=\"attachment-full\" alt=\"\" title=\"scp-series-19\" srcset=\"https:\/\/spiderbooms.com\/wp-content\/uploads\/2022\/02\/scp-series-19.jpg 1024w, https:\/\/spiderbooms.com\/wp-content\/uploads\/2022\/02\/scp-series-19-300x300.jpg 300w, https:\/\/spiderbooms.com\/wp-content\/uploads\/2022\/02\/scp-series-19-150x150.jpg 150w, https:\/\/spiderbooms.com\/wp-content\/uploads\/2022\/02\/scp-series-19-768x768.jpg 768w, https:\/\/spiderbooms.com\/wp-content\/uploads\/2022\/02\/scp-series-19-320x320.jpg 320w, https:\/\/spiderbooms.com\/wp-content\/uploads\/2022\/02\/scp-series-19-800x800.jpg 800w\" sizes=\"auto, (max-width: 1024px) 100vw, 1024px\" \/><a data-toggle=\"modal\" data-target=\"#video-modal-kd-video-modal-69f35c4cc0472\" data-src=\"\" data-backdrop=\"true\" class=\"\"><span class=\"play-video\"><span class=\"fas fa-play\"><\/span><\/span><\/a><\/div><div class=\"modal fade video-modal\" id=\"video-modal-kd-video-modal-69f35c4cc0472\" role=\"dialog\">\n                            <div class=\"modal-content\">\n                            <button type=\"button\" class=\"close\" data-dismiss=\"modal\">\u00d7<\/button>\n                            <div class=\"row\"><video class=\"video-modal-local\" title=\"\" poster=\"\" height=\"400px\" controls>\n                              <source src=\"https:\/\/spiderbooms.com\/video\/scp-erzurum-tanitim_en.mp4\" type=\"video\/mp4\"><img decoding=\"async\" alt=\"\" src=\"\" title=\"Video playback is not supported by your browser\" \/>\n                              <\/video><\/div>\n                            <\/div>\n                        <\/div>[\/vc_column_inner][vc_column_inner css=&#8221;.vc_custom_1553776260540{padding-top: 110px !important;padding-right: 0px !important;padding-left: 150px !important;}&#8221; offset=&#8221;vc_col-lg-offset-0 vc_col-lg-6 vc_col-md-offset-1 vc_col-sm-offset-1&#8243;]<header class=\"kd-section-title col-lg-12 text-left  kd-animated fadeIn  \" data-animation-delay=200><h2 class=\"separator_off\" >\u00danico en el Mundo! Sistema de Control Remoto Inal\u00e1mbrico<\/h2><h6 class=\"subtitle \" >Integrados en Tres Piezas Separadoras, Sistema de Propulsi\u00f3n 4X4, M\u00e1s Cercano y Posicionamiento Perfecto al Area de Aplicaci\u00f3na.<\/h6><\/header>[vc_empty_space height=&#8221;15px&#8221;]<a  href=\"https:\/\/spiderbooms.com\/es\/contacto\/\"  target=\"_self\"  title=\"Contact\" class=\"tt_button tt_primary_button btn_primary_color  pull-left button-action-link icon_right kd-animated zoomIn\" data-animation-delay=200><span class=\"prim_text\">Comprar ahora<\/span><span class=\" iconita\"><\/span><\/a>[\/vc_column_inner][\/vc_row_inner][vc_empty_space][\/vc_column][\/vc_row][vc_row full_width=&#8221;stretch_row_content_no_spaces&#8221; css=&#8221;.vc_custom_1550593258683{background-color: #f6f6f6 !important;}&#8221;][vc_column width=&#8221;1\/2&#8243; offset=&#8221;vc_col-lg-6 vc_col-md-12&#8243;][vc_row_inner css=&#8221;.vc_custom_1651064854675{padding-top: 80px !important;}&#8221;][vc_column_inner width=&#8221;1\/4&#8243; offset=&#8221;vc_hidden-xs&#8221;][\/vc_column_inner][vc_column_inner width=&#8221;1\/2&#8243;]<header class=\"kd-section-title col-lg-12 text-left  kd-animated fadeIn  \" data-animation-delay=200><h2 class=\"separator_off\" >Caracter\u00edsticas Ventajosas en la Serie B<\/h2><\/header>[vc_toggle title=&#8221;1. Heavy-Duty Slew Gear&#8221; css_animation=&#8221;fadeIn&#8221;]All Atabey B series concrete Placers has heavy duty slew gears integral with reducer gear box. The system is much more reliable as compared to generally used worm gear reducers.[\/vc_toggle][vc_toggle title=&#8221;2. Real Infinite Slew Turning&#8221; css_animation=&#8221;fadeIn&#8221;]Infinite rotation system (slip ring mechanism). The feature is unique in the world for spider booms.[\/vc_toggle][vc_toggle title=&#8221;3. Emergency Hand Pump&#8221; css_animation=&#8221;fadeIn&#8221;]Emergency hand pumps are standard on all Atabey B Series equipment never stop concrete pouring; even in case of electric cut you can finish the concrete placing by manual hand pump.[\/vc_toggle][vc_toggle title=&#8221;4. Mobile Column System (Optional)&#8221; css_animation=&#8221;fadeIn&#8221;]Unique in the market. This option provides easier application for those projects where there are many of the walls and columns that causes limitation of positioning on slabs.[\/vc_toggle][vc_toggle title=&#8221;5. Availability Of Carriage Carts For Mobilisation&#8221; css_animation=&#8221;fadeIn&#8221;]Another unique solution from Atabey. When the tower crane access on slabs are limited, this cart system is ideal for mobilization.[\/vc_toggle][vc_toggle title=&#8221;6. Modular Construction With Detachable Boom Unit&#8221; css_animation=&#8221;fadeIn&#8221;]Single pin split frame system: Standard Feature &gt;&gt; easy to handle and transport; user friendly solution for tower crane capacity limitations.[\/vc_toggle][vc_toggle title=&#8221;7. Ballast Boxes&#8221; css_animation=&#8221;fadeIn&#8221;]Readymade ballast for ms supplied with the equipment &gt;&gt; easy start up, just fill in with concrete and start; no need to construct formwork etc. to build the ballasts.[\/vc_toggle][\/vc_column_inner][vc_column_inner width=&#8221;1\/4&#8243;][\/vc_column_inner][\/vc_row_inner][\/vc_column][vc_column width=&#8221;1\/2&#8243; css=&#8221;.vc_custom_1541520744863{padding-top: 0px !important;}&#8221; offset=&#8221;vc_col-lg-6 vc_col-md-12&#8243;][vc_row_inner css=&#8221;.vc_custom_1651056128775{padding-top: 200px !important;padding-bottom: 200px !important;background-image: url(https:\/\/spiderbooms.com\/wp-content\/uploads\/2022\/02\/video-b312k01.jpg?id=7770) !important;background-position: center !important;background-repeat: no-repeat !important;background-size: cover !important;}&#8221;][vc_column_inner css=&#8221;.vc_custom_1511789291663{padding-top: 0px !important;padding-bottom: 0px !important;}&#8221;][vc_empty_space height=&#8221;380px&#8221;][\/vc_column_inner][\/vc_row_inner][\/vc_column][\/vc_row]<\/p>\n<\/div>","protected":false},"excerpt":{"rendered":"<p>[vc_row el_class=&#8221;under-menu-topbar&#8221;][vc_column][rev_slider_vc alias=&#8221;spider-booms-slider_en-1&#8243;][\/vc_column][\/vc_row][vc_row full_width=&#8221;stretch_row&#8221; css=&#8221;.vc_custom_1550594255704{padding-top: 130px !important;background-color: #f6f6f6 !important;}&#8221;][vc_column css=&#8221;.vc_custom_1516008777154{padding-right: 0px !important;padding-left: 0px !important;}&#8221;][vc_row_inner][vc_column_inner][\/vc_column_inner][\/vc_row_inner][vc_row_inner css=&#8221;.vc_custom_1651055979814{padding-bottom: 60px !important;}&#8221;][vc_column_inner width=&#8221;1\/4&#8243;][\/vc_column_inner][vc_column_inner width=&#8221;1\/4&#8243;][\/vc_column_inner][vc_column_inner width=&#8221;1\/4&#8243;][\/vc_column_inner][vc_column_inner [&hellip;]<\/p>\n","protected":false},"author":1,"featured_media":0,"parent":0,"menu_order":0,"comment_status":"closed","ping_status":"closed","template":"","meta":{"footnotes":""},"class_list":["post-9665","page","type-page","status-publish","hentry"],"yoast_head":"<!-- This site is optimized with the Yoast SEO Premium plugin v18.2.1 (Yoast SEO v27.5) - https:\/\/yoast.com\/product\/yoast-seo-premium-wordpress\/ -->\n<title>Inicio - Spider Booms<\/title>\n<meta name=\"robots\" content=\"index, follow, max-snippet:-1, max-image-preview:large, max-video-preview:-1\" \/>\n<link rel=\"canonical\" href=\"https:\/\/spiderbooms.com\/es\/\" \/>\n<meta property=\"og:locale\" content=\"es_ES\" \/>\n<meta property=\"og:type\" content=\"article\" \/>\n<meta property=\"og:title\" content=\"Inicio\" \/>\n<meta property=\"og:description\" content=\"[vc_row el_class=&#8221;under-menu-topbar&#8221;][vc_column][rev_slider_vc alias=&#8221;spider-booms-slider_en-1&#8243;][\/vc_column][\/vc_row][vc_row full_width=&#8221;stretch_row&#8221; css=&#8221;.vc_custom_1550594255704{padding-top: 130px !important;background-color: #f6f6f6 !important;}&#8221;][vc_column css=&#8221;.vc_custom_1516008777154{padding-right: 0px !important;padding-left: 0px !important;}&#8221;][vc_row_inner][vc_column_inner][\/vc_column_inner][\/vc_row_inner][vc_row_inner css=&#8221;.vc_custom_1651055979814{padding-bottom: 60px !important;}&#8221;][vc_column_inner width=&#8221;1\/4&#8243;][\/vc_column_inner][vc_column_inner width=&#8221;1\/4&#8243;][\/vc_column_inner][vc_column_inner width=&#8221;1\/4&#8243;][\/vc_column_inner][vc_column_inner [&hellip;]\" \/>\n<meta property=\"og:url\" content=\"https:\/\/spiderbooms.com\/es\/\" \/>\n<meta property=\"og:site_name\" content=\"Spider Booms\" \/>\n<meta property=\"article:modified_time\" content=\"2023-01-18T07:31:22+00:00\" \/>\n<meta name=\"twitter:card\" content=\"summary_large_image\" \/>\n<meta name=\"twitter:label1\" content=\"Tiempo de lectura\" \/>\n\t<meta name=\"twitter:data1\" content=\"4 minutos\" \/>\n<script type=\"application\/ld+json\" class=\"yoast-schema-graph\">{\"@context\":\"https:\\\/\\\/schema.org\",\"@graph\":[{\"@type\":\"WebPage\",\"@id\":\"https:\\\/\\\/spiderbooms.com\\\/es\\\/\",\"url\":\"https:\\\/\\\/spiderbooms.com\\\/es\\\/\",\"name\":\"Inicio - Spider Booms\",\"isPartOf\":{\"@id\":\"https:\\\/\\\/spiderbooms.com\\\/#website\"},\"datePublished\":\"2019-04-24T09:52:16+00:00\",\"dateModified\":\"2023-01-18T07:31:22+00:00\",\"breadcrumb\":{\"@id\":\"https:\\\/\\\/spiderbooms.com\\\/es\\\/#breadcrumb\"},\"inLanguage\":\"es\",\"potentialAction\":[{\"@type\":\"ReadAction\",\"target\":[\"https:\\\/\\\/spiderbooms.com\\\/es\\\/\"]}]},{\"@type\":\"BreadcrumbList\",\"@id\":\"https:\\\/\\\/spiderbooms.com\\\/es\\\/#breadcrumb\",\"itemListElement\":[{\"@type\":\"ListItem\",\"position\":1,\"name\":\"Home\",\"item\":\"https:\\\/\\\/spiderbooms.com\\\/es\\\/\"},{\"@type\":\"ListItem\",\"position\":2,\"name\":\"Inicio\"}]},{\"@type\":\"WebSite\",\"@id\":\"https:\\\/\\\/spiderbooms.com\\\/#website\",\"url\":\"https:\\\/\\\/spiderbooms.com\\\/\",\"name\":\"Spider Booms\",\"description\":\"The world&#039;s leading concrete distributor brand\",\"potentialAction\":[{\"@type\":\"SearchAction\",\"target\":{\"@type\":\"EntryPoint\",\"urlTemplate\":\"https:\\\/\\\/spiderbooms.com\\\/?s={search_term_string}\"},\"query-input\":{\"@type\":\"PropertyValueSpecification\",\"valueRequired\":true,\"valueName\":\"search_term_string\"}}],\"inLanguage\":\"es\"}]}<\/script>\n<!-- \/ Yoast SEO Premium plugin. -->","yoast_head_json":{"title":"Inicio - Spider Booms","robots":{"index":"index","follow":"follow","max-snippet":"max-snippet:-1","max-image-preview":"max-image-preview:large","max-video-preview":"max-video-preview:-1"},"canonical":"https:\/\/spiderbooms.com\/es\/","og_locale":"es_ES","og_type":"article","og_title":"Inicio","og_description":"[vc_row el_class=&#8221;under-menu-topbar&#8221;][vc_column][rev_slider_vc alias=&#8221;spider-booms-slider_en-1&#8243;][\/vc_column][\/vc_row][vc_row full_width=&#8221;stretch_row&#8221; css=&#8221;.vc_custom_1550594255704{padding-top: 130px !important;background-color: #f6f6f6 !important;}&#8221;][vc_column css=&#8221;.vc_custom_1516008777154{padding-right: 0px !important;padding-left: 0px !important;}&#8221;][vc_row_inner][vc_column_inner][\/vc_column_inner][\/vc_row_inner][vc_row_inner css=&#8221;.vc_custom_1651055979814{padding-bottom: 60px !important;}&#8221;][vc_column_inner width=&#8221;1\/4&#8243;][\/vc_column_inner][vc_column_inner width=&#8221;1\/4&#8243;][\/vc_column_inner][vc_column_inner width=&#8221;1\/4&#8243;][\/vc_column_inner][vc_column_inner [&hellip;]","og_url":"https:\/\/spiderbooms.com\/es\/","og_site_name":"Spider Booms","article_modified_time":"2023-01-18T07:31:22+00:00","twitter_card":"summary_large_image","twitter_misc":{"Tiempo de lectura":"4 minutos"},"schema":{"@context":"https:\/\/schema.org","@graph":[{"@type":"WebPage","@id":"https:\/\/spiderbooms.com\/es\/","url":"https:\/\/spiderbooms.com\/es\/","name":"Inicio - Spider Booms","isPartOf":{"@id":"https:\/\/spiderbooms.com\/#website"},"datePublished":"2019-04-24T09:52:16+00:00","dateModified":"2023-01-18T07:31:22+00:00","breadcrumb":{"@id":"https:\/\/spiderbooms.com\/es\/#breadcrumb"},"inLanguage":"es","potentialAction":[{"@type":"ReadAction","target":["https:\/\/spiderbooms.com\/es\/"]}]},{"@type":"BreadcrumbList","@id":"https:\/\/spiderbooms.com\/es\/#breadcrumb","itemListElement":[{"@type":"ListItem","position":1,"name":"Home","item":"https:\/\/spiderbooms.com\/es\/"},{"@type":"ListItem","position":2,"name":"Inicio"}]},{"@type":"WebSite","@id":"https:\/\/spiderbooms.com\/#website","url":"https:\/\/spiderbooms.com\/","name":"Spider Booms","description":"The world&#039;s leading concrete distributor brand","potentialAction":[{"@type":"SearchAction","target":{"@type":"EntryPoint","urlTemplate":"https:\/\/spiderbooms.com\/?s={search_term_string}"},"query-input":{"@type":"PropertyValueSpecification","valueRequired":true,"valueName":"search_term_string"}}],"inLanguage":"es"}]}},"_links":{"self":[{"href":"https:\/\/spiderbooms.com\/es\/wp-json\/wp\/v2\/pages\/9665","targetHints":{"allow":["GET"]}}],"collection":[{"href":"https:\/\/spiderbooms.com\/es\/wp-json\/wp\/v2\/pages"}],"about":[{"href":"https:\/\/spiderbooms.com\/es\/wp-json\/wp\/v2\/types\/page"}],"author":[{"embeddable":true,"href":"https:\/\/spiderbooms.com\/es\/wp-json\/wp\/v2\/users\/1"}],"replies":[{"embeddable":true,"href":"https:\/\/spiderbooms.com\/es\/wp-json\/wp\/v2\/comments?post=9665"}],"version-history":[{"count":13,"href":"https:\/\/spiderbooms.com\/es\/wp-json\/wp\/v2\/pages\/9665\/revisions"}],"predecessor-version":[{"id":9916,"href":"https:\/\/spiderbooms.com\/es\/wp-json\/wp\/v2\/pages\/9665\/revisions\/9916"}],"wp:attachment":[{"href":"https:\/\/spiderbooms.com\/es\/wp-json\/wp\/v2\/media?parent=9665"}],"curies":[{"name":"wp","href":"https:\/\/api.w.org\/{rel}","templated":true}]}}